{"id":108,"date":"2021-07-06T14:56:25","date_gmt":"2021-07-06T14:56:25","guid":{"rendered":"http:\/\/solidariedarte.pt\/?page_id=108"},"modified":"2021-07-06T14:56:25","modified_gmt":"2021-07-06T14:56:25","slug":"erasmus","status":"publish","type":"page","link":"https:\/\/solidariedarte.pt\/index.php\/erasmus\/","title":{"rendered":"Erasmus +"},"content":{"rendered":"<p>Tutelado pela Ag\u00eancia Nacional Erasmus+, o programa <strong>Erasmus+<\/strong>\u00a0entrou em vigor a 1 de Janeiro de 2014 e prolonga-se at\u00e9 2020.<\/p>\n<p>Tem como objectivos apoiar actividades de educa\u00e7\u00e3o, forma\u00e7\u00e3o, juventude e desporto em todos os sectores da aprendizagem ao longo da vida, incluindo o ensino superior (Erasmus), o ensino superior internacional (Erasmus Mundos e Jean Monnet), a forma\u00e7\u00e3o profissional (Leonardo da Vinci), a educa\u00e7\u00e3o de adultos (Grundtvig), o ensino escolar (Comenius), actividades para jovens (Juventude em Ac\u00e7\u00e3o) e forma\u00e7\u00e3o no \u00e2mbito do desporto amador.<\/p>\n<p><strong>Quais os objetivos do Erasmus+?<\/strong><\/p>\n<p>A Ag\u00eancia Nacional Erasmus+ Educa\u00e7\u00e3o e Forma\u00e7\u00e3o foi criada pela\u00a0Resolu\u00e7\u00e3o do Conselho de Ministros n.\u00ba 15\/2014, de 24 de fevereiro. A sua miss\u00e3o passa por assegurar a gest\u00e3o do programa Erasmus+ e tamb\u00e9m as atividades ainda em vigor do Programa Aprendizagem ao Longo da Vida, do Programa Erasmus Mundus e do Programa Tempus IV.<\/p>\n<p>O Erasmus+ \u00e9 o novo programa da Uni\u00e3o Europeia para a educa\u00e7\u00e3o, forma\u00e7\u00e3o, juventude e desporto. Arrancou em 2014 e estar\u00e1 em execu\u00e7\u00e3o at\u00e9 2020.<\/p>\n<p><strong>Os objetivos deste programa passam por:<\/strong><\/p>\n<ul>\n<li>Melhorar o n\u00edvel de\u00a0compet\u00eancias e aptid\u00f5es dos cidad\u00e3os europeus, atrav\u00e9s da cria\u00e7\u00e3o de mais oportunidades de mobilidade para fins de aprendizagem;<\/li>\n<li>Refor\u00e7ar a liga\u00e7\u00e3o da educa\u00e7\u00e3o e forma\u00e7\u00e3o com o\u00a0mercado de trabalho;<\/li>\n<li>Fomentar a coopera\u00e7\u00e3o transnacional para que passe a existir mais qualidade, inova\u00e7\u00e3o, excel\u00eancia e internacionaliza\u00e7\u00e3o das institui\u00e7\u00f5es de educa\u00e7\u00e3o e forma\u00e7\u00e3o;<\/li>\n<li>Promover e sensibilizar para a cria\u00e7\u00e3o de um\u00a0espa\u00e7o europeu de aprendizagem\u00a0ao longo da vida;<\/li>\n<li>Refor\u00e7ar a dimens\u00e3o internacional da educa\u00e7\u00e3o e da forma\u00e7\u00e3o;<\/li>\n<li>Melhorar o ensino e a aprendizagem das l\u00ednguas e promover a excel\u00eancia no ensino e nas atividades de investiga\u00e7\u00e3o em termos europeus.<\/li>\n<\/ul>\n<p>E isso passa por permitir aos estudantes universit\u00e1rios e ao pessoal docente do ensino superior que possam agarrar oportunidades de aprendizagem, est\u00e1gio ou forma\u00e7\u00e3o noutros pa\u00edses.<\/p>\n<p><strong>Quem pode aproveitar as vantagens do Programa\u00a0Erasmus+?<\/strong><\/p>\n<p>O Erasmus + abrange agora cinco grandes \u00e1reas de educa\u00e7\u00e3o e forma\u00e7\u00e3o, permitindo oportunidades:<\/p>\n<ul>\n<li>Para a educa\u00e7\u00e3o escolar dos funcion\u00e1rios e institui\u00e7\u00f5es;<\/li>\n<li>Para a educa\u00e7\u00e3o e forma\u00e7\u00e3o profissional\u00a0para estudantes, aprendizes, estagi\u00e1rios, funcion\u00e1rios, institui\u00e7\u00f5es e empresas;<\/li>\n<li>Para o ensino superior\u00a0para alunos, funcion\u00e1rios, institui\u00e7\u00f5es e empresas;<\/li>\n<li>Para educa\u00e7\u00e3o de adultos\u00a0para funcion\u00e1rios, institui\u00e7\u00f5es e empresas;<\/li>\n<li>De integra\u00e7\u00e3o europeia\u00a0para o pessoal e as institui\u00e7\u00f5es acad\u00e9micas e de investiga\u00e7\u00e3o.<\/li>\n<\/ul>\n<p>Este programa est\u00e1 estruturado em torno de tr\u00eas ac\u00e7\u00f5es chave \u2013 Mobilidades Individuais para fins de aprendizagem; Coopera\u00e7\u00e3o para Inova\u00e7\u00e3o e Boas Pr\u00e1ticas; e Apoio \u00e0 Reforma das Pol\u00edticas \u2013 e ainda das atividades Jean Monnet e do desporto. Cada uma destas \u00e1reas tem um foco espec\u00edfico de financiamento.<\/p>\n<p><strong>Quem se pode candidatar ao Financiamento?<\/strong><\/p>\n<p>Institui\u00e7\u00f5es comunit\u00e1rias, como Ag\u00eancias Nacionais, a Comiss\u00e3o Europeia, o Parlamento Europeu ou o Conselho da Europa n\u00e3o podem. Mas qualquer outra organiza\u00e7\u00e3o \u00e9 eleg\u00edvel.<\/p>\n<p>Ou seja, n\u00e3o \u00e9 poss\u00edvel, na generalidade dos casos, fazer candidaturas individuais a bolsas. Quem quiser aproveitar este programa e ter uma experi\u00eancia de forma\u00e7\u00e3o internacional tem que faz\u00ea-lo\u00a0atrav\u00e9s de escolas e outras institui\u00e7\u00f5es de educa\u00e7\u00e3o e forma\u00e7\u00e3o\u00a0para formalizar uma candidatura. Na \u00e1rea da juventude, h\u00e1 excep\u00e7\u00f5es e podem candidatar-se grupos informais de jovens. Todas as organiza\u00e7\u00f5es t\u00eam que estar registadas no sistema de registo on-line da Comiss\u00e3o Eu.<\/p>\n<p>&nbsp;<\/p>\n<p>Projetos Erasmus +<\/p>\n<p>2019<\/p>\n<ul>\n<li><a href=\"https:\/\/solidariedarte.pt\/youth-exchange-step-forward\/\"><strong>Youth Exchange \u201cStep Forward\u201d\u00a0\u00a0<\/strong><\/a><\/li>\n<li><a href=\"https:\/\/solidariedarte.pt\/training-course-erasmus-mastery\/\"><strong>Training Course \u201cErasmus + Mastery\u201d<\/strong><\/a><\/li>\n<li><a href=\"https:\/\/solidariedarte.pt\/youth-exchange-labour-up\/\"><strong>Youth Exchange \u201cLabour Up\u201d<\/strong><\/a><\/li>\n<li><a href=\"https:\/\/solidariedarte.pt\/participacoes\/\"><strong>Youth Exchange \u201cMusic Connection\u201d<\/strong><\/a><\/li>\n<li><a href=\"https:\/\/solidariedarte.pt\/youth-exchange-disconnect-to-connect\/\"><strong>Youth Exchange \u201cDisconnect to Connect\u201d<\/strong><\/a><\/li>\n<\/ul>\n<p>2018<\/p>\n<ul>\n<li><a href=\"https:\/\/solidariedarte.pt\/rural-innovators\/\"><strong>Rural Innovators<\/strong><\/a><\/li>\n<\/ul>\n<p>2016<\/p>\n<ul>\n<li><a href=\"https:\/\/solidariedarte.pt\/do-ur-project\/\"><strong>Do Ur Project<\/strong><\/a><\/li>\n<\/ul>\n","protected":false},"excerpt":{"rendered":"<p>Tutelado pela Ag\u00eancia Nacional Erasmus+, o programa Erasmus+\u00a0entrou em vigor a 1 de Janeiro de 2014 e prolonga-se at\u00e9 2020. Tem como objectivos apoiar actividades de educa\u00e7\u00e3o, forma\u00e7\u00e3o, juventude e desporto em todos os sectores da aprendizagem ao longo da vida, incluindo o ensino superior (Erasmus), o ensino superior internacional (Erasmus Mundos e Jean Monnet), [&hellip;]<\/p>\n","protected":false},"author":1,"featured_media":0,"parent":0,"menu_order":0,"comment_status":"closed","ping_status":"closed","template":"","meta":[],"_links":{"self":[{"href":"https:\/\/solidariedarte.pt\/index.php\/wp-json\/wp\/v2\/pages\/108"}],"collection":[{"href":"https:\/\/solidariedarte.pt\/index.php\/wp-json\/wp\/v2\/pages"}],"about":[{"href":"https:\/\/solidariedarte.pt\/index.php\/wp-json\/wp\/v2\/types\/page"}],"author":[{"embeddable":true,"href":"https:\/\/solidariedarte.pt\/index.php\/wp-json\/wp\/v2\/users\/1"}],"replies":[{"embeddable":true,"href":"https:\/\/solidariedarte.pt\/index.php\/wp-json\/wp\/v2\/comments?post=108"}],"version-history":[{"count":1,"href":"https:\/\/solidariedarte.pt\/index.php\/wp-json\/wp\/v2\/pages\/108\/revisions"}],"predecessor-version":[{"id":109,"href":"https:\/\/solidariedarte.pt\/index.php\/wp-json\/wp\/v2\/pages\/108\/revisions\/109"}],"wp:attachment":[{"href":"https:\/\/solidariedarte.pt\/index.php\/wp-json\/wp\/v2\/media?parent=108"}],"curies":[{"name":"wp","href":"https:\/\/api.w.org\/{rel}","templated":true}]}}