{"id":138,"date":"2021-07-06T15:29:27","date_gmt":"2021-07-06T15:29:27","guid":{"rendered":"http:\/\/solidariedarte.pt\/?page_id=138"},"modified":"2021-07-06T15:32:27","modified_gmt":"2021-07-06T15:32:27","slug":"projeto","status":"publish","type":"page","link":"https:\/\/solidariedarte.pt\/index.php\/projeto\/","title":{"rendered":"Projeto"},"content":{"rendered":"<p>&nbsp;<\/p>\n<p><img loading=\"lazy\" class=\"alignleft wp-image-99\" src=\"https:\/\/solidariedarte.pt\/wp-content\/uploads\/2021\/07\/1-4.jpg\" alt=\"\" width=\"274\" height=\"96\" srcset=\"https:\/\/solidariedarte.pt\/wp-content\/uploads\/2021\/07\/1-4.jpg 500w, https:\/\/solidariedarte.pt\/wp-content\/uploads\/2021\/07\/1-4-300x105.jpg 300w\" sizes=\"(max-width: 274px) 100vw, 274px\" \/><\/p>\n<p>&nbsp;<\/p>\n<p>&nbsp;<\/p>\n<p>&nbsp;<\/p>\n<p>&nbsp;<\/p>\n<h3 style=\"text-align: center;\"><span style=\"color: #3366ff;\"><strong>Conexio<\/strong>\u00a0\u2013\u00a0<em>Lig\u2019Arte ao Bairro<\/em>\u00a0| Programa Cidad\u00e3os Ativ@s<\/span><\/h3>\n<p>&nbsp;<\/p>\n<h4 style=\"text-align: center;\"><span style=\"color: #3366ff;\"><a style=\"color: #3366ff;\" href=\"https:\/\/www.youtube.com\/watch?v=MDmSWi8E2xY\" target=\"_blank\" rel=\"noopener\">Conexio &#8211; Lig&#8217;Arte ao Bairro | V\u00eddeo Promocional<\/a><\/span><\/h4>\n<h3><\/h3>\n<h3 style=\"text-align: center;\"><span style=\"color: #3366ff;\">Projeto<\/span><\/h3>\n<p><strong>Conexio<\/strong>\u00a0\u2013\u00a0<em>Lig\u2019Arte ao Bairro<\/em>, \u00e9 um projeto de educa\u00e7\u00e3o para a cidadania e participa\u00e7\u00e3o ativa em atividades c\u00edvicas, atrav\u00e9s da arte, financiado pelo\u00a0<strong>Programa Cidad\u00e3os Ativ@s\/<em>Active Citizens Fund<\/em>\u00a0<\/strong>(<em>Isl\u00e2ndia, Liechestein e Noruega<\/em>), enquadrado no Eixo 1 \u2013 Fortalecer a cultura democr\u00e1tica e a consci\u00eancia c\u00edvica.<\/p>\n<p>O projeto destina-se, diretamente, a 20 jovens, com idades entre os 15 e os 24 anos, residentes no Empreendimento da Piedade Jovem, Arrifes, Ponta Delgada.<\/p>\n<p>Ambiciona ser um propulsor para um processo que contribua para o desenvolvimento de sentido identit\u00e1rio, a par com a cria\u00e7\u00e3o de la\u00e7os comunit\u00e1rios, atrav\u00e9s de a\u00e7\u00f5es de educa\u00e7\u00e3o, reflex\u00e3o, transforma\u00e7\u00e3o art\u00edstica do Bairro e envolvimento comunit\u00e1rio.<\/p>\n<p>Em\u00a0<strong>Conexio<\/strong>\u00a0\u2013\u00a0<em>Lig\u2019Arte ao Bairro<\/em>, os jovens ser\u00e3o os principais interventores e o projeto conta por isso com uma marcada flexibilidade, para que as ideias dos participantes sejam a for\u00e7a motriz das atividades.<\/p>\n<p>Ser\u00e3o desenvolvidos, ao longo de 12 meses, um conjunto diversificado de workshops semanais, nos quais se explorar\u00e3o as tem\u00e1ticas do projeto, integrando diferentes express\u00f5es art\u00edsticas:<\/p>\n<ul>\n<li>Express\u00e3o Pl\u00e1stica<\/li>\n<li>Express\u00e3o Dram\u00e1tica<\/li>\n<li>Express\u00e3o Musical<\/li>\n<li>Cinema<\/li>\n<li>Entre outras.<\/li>\n<\/ul>\n<p>Contempla a realiza\u00e7\u00e3o de pelo menos 6 iniciativas c\u00edvicas, de cariz art\u00edstico e transformadoras do quotidiano.<\/p>\n<p>&nbsp;<\/p>\n<p><img loading=\"lazy\" class=\"alignleft wp-image-118\" src=\"https:\/\/solidariedarte.pt\/wp-content\/uploads\/2021\/07\/6.jpg\" alt=\"\" width=\"189\" height=\"48\" srcset=\"https:\/\/solidariedarte.pt\/wp-content\/uploads\/2021\/07\/6.jpg 479w, https:\/\/solidariedarte.pt\/wp-content\/uploads\/2021\/07\/6-300x76.jpg 300w\" sizes=\"(max-width: 189px) 100vw, 189px\" \/><img loading=\"lazy\" class=\"alignleft wp-image-119\" src=\"https:\/\/solidariedarte.pt\/wp-content\/uploads\/2021\/07\/7.png\" alt=\"\" width=\"188\" height=\"49\" srcset=\"https:\/\/solidariedarte.pt\/wp-content\/uploads\/2021\/07\/7.png 483w, https:\/\/solidariedarte.pt\/wp-content\/uploads\/2021\/07\/7-300x78.png 300w\" sizes=\"(max-width: 188px) 100vw, 188px\" \/><img loading=\"lazy\" class=\" wp-image-120 alignright\" src=\"https:\/\/solidariedarte.pt\/wp-content\/uploads\/2021\/07\/8.png\" alt=\"\" width=\"64\" height=\"99\" \/><\/p>\n<p>&nbsp;<\/p>\n","protected":false},"excerpt":{"rendered":"<p>&nbsp; &nbsp; &nbsp; &nbsp; &nbsp; Conexio\u00a0\u2013\u00a0Lig\u2019Arte ao Bairro\u00a0| Programa Cidad\u00e3os Ativ@s &nbsp; Conexio &#8211; Lig&#8217;Arte ao Bairro | V\u00eddeo Promocional Projeto Conexio\u00a0\u2013\u00a0Lig\u2019Arte ao Bairro, \u00e9 um projeto de educa\u00e7\u00e3o para a cidadania e participa\u00e7\u00e3o ativa em atividades c\u00edvicas, atrav\u00e9s da arte, financiado pelo\u00a0Programa Cidad\u00e3os Ativ@s\/Active Citizens Fund\u00a0(Isl\u00e2ndia, Liechestein e Noruega), enquadrado no Eixo 1 \u2013 [&hellip;]<\/p>\n","protected":false},"author":1,"featured_media":0,"parent":0,"menu_order":0,"comment_status":"closed","ping_status":"closed","template":"","meta":[],"_links":{"self":[{"href":"https:\/\/solidariedarte.pt\/index.php\/wp-json\/wp\/v2\/pages\/138"}],"collection":[{"href":"https:\/\/solidariedarte.pt\/index.php\/wp-json\/wp\/v2\/pages"}],"about":[{"href":"https:\/\/solidariedarte.pt\/index.php\/wp-json\/wp\/v2\/types\/page"}],"author":[{"embeddable":true,"href":"https:\/\/solidariedarte.pt\/index.php\/wp-json\/wp\/v2\/users\/1"}],"replies":[{"embeddable":true,"href":"https:\/\/solidariedarte.pt\/index.php\/wp-json\/wp\/v2\/comments?post=138"}],"version-history":[{"count":2,"href":"https:\/\/solidariedarte.pt\/index.php\/wp-json\/wp\/v2\/pages\/138\/revisions"}],"predecessor-version":[{"id":142,"href":"https:\/\/solidariedarte.pt\/index.php\/wp-json\/wp\/v2\/pages\/138\/revisions\/142"}],"wp:attachment":[{"href":"https:\/\/solidariedarte.pt\/index.php\/wp-json\/wp\/v2\/media?parent=138"}],"curies":[{"name":"wp","href":"https:\/\/api.w.org\/{rel}","templated":true}]}}