{"id":144,"date":"2021-07-06T15:43:21","date_gmt":"2021-07-06T15:43:21","guid":{"rendered":"http:\/\/solidariedarte.pt\/?page_id=144"},"modified":"2021-07-06T15:43:21","modified_gmt":"2021-07-06T15:43:21","slug":"atividades-2","status":"publish","type":"page","link":"https:\/\/solidariedarte.pt\/index.php\/atividades-2\/","title":{"rendered":"Atividades"},"content":{"rendered":"<p><img loading=\"lazy\" class=\"alignleft  wp-image-99\" src=\"https:\/\/solidariedarte.pt\/wp-content\/uploads\/2021\/07\/1-4.jpg\" alt=\"\" width=\"295\" height=\"103\" srcset=\"https:\/\/solidariedarte.pt\/wp-content\/uploads\/2021\/07\/1-4.jpg 500w, https:\/\/solidariedarte.pt\/wp-content\/uploads\/2021\/07\/1-4-300x105.jpg 300w\" sizes=\"(max-width: 295px) 100vw, 295px\" \/><\/p>\n<p>&nbsp;<\/p>\n<p>&nbsp;<\/p>\n<p>&nbsp;<\/p>\n<p>&nbsp;<\/p>\n<h3 style=\"text-align: center;\"><span style=\"color: #3366ff;\"><strong>Conexio<\/strong>\u00a0\u2013\u00a0<em>Lig\u2019Arte ao Bairro<\/em>\u00a0| Programa Cidad\u00e3os Ativ@s<\/span><\/h3>\n<p>&nbsp;<\/p>\n<h3 style=\"text-align: center;\"><span style=\"color: #3366ff;\">Atividades<\/span><\/h3>\n<p>&nbsp;<\/p>\n<p><strong>Workshops semanais<\/strong><\/p>\n<p>Workshops com din\u00e2micas de educa\u00e7\u00e3o para a cidadania, conce\u00e7\u00e3o, produ\u00e7\u00e3o e transforma\u00e7\u00e3o art\u00edsticas: Sess\u00f5es coletivas com vista \u00e0 consciencializa\u00e7\u00e3o e compreens\u00e3o da realidade comunit\u00e1ria e identifica\u00e7\u00e3o de contributos para um desenvolvimento comunit\u00e1rio, integral e sustent\u00e1vel.<\/p>\n<p>&nbsp;<\/p>\n<p><strong>Iniciativas c\u00edvicas<\/strong><\/p>\n<p>Conjunto de iniciativas de produ\u00e7\u00e3o art\u00edstica que transporta para a realidade comunit\u00e1ria a vis\u00e3o criativa dos jovens participantes.<\/p>\n<p>&nbsp;<\/p>\n<p><strong>A\u00e7\u00f5es de sensibiliza\u00e7\u00e3o<\/strong><\/p>\n<p>Conjunto de a\u00e7\u00f5es que visam informar sobre o projeto e sensibilizar a comunidade para a participa\u00e7\u00e3o em iniciativas c\u00edvicas.<\/p>\n<p>&nbsp;<\/p>\n<p><strong>A\u00e7\u00f5es de promo\u00e7\u00e3o<\/strong><\/p>\n<p>Conjunto de a\u00e7\u00f5es que visam promover o\u00a0<strong>Programa Cidad\u00e3os Ativ@s<\/strong>\u00a0e o projeto\u00a0<strong>Conexio<\/strong>\u00a0\u2013\u00a0<em>Lig\u2019Arte ao Bairro<\/em>\u00a0junto da sociedade em geral e de forma particular junto da comunidade do Empreendimento da Piedade Jovem.<\/p>\n<p>&nbsp;<\/p>\n<p><img loading=\"lazy\" class=\"alignleft  wp-image-118\" src=\"https:\/\/solidariedarte.pt\/wp-content\/uploads\/2021\/07\/6.jpg\" alt=\"\" width=\"210\" height=\"53\" srcset=\"https:\/\/solidariedarte.pt\/wp-content\/uploads\/2021\/07\/6.jpg 479w, https:\/\/solidariedarte.pt\/wp-content\/uploads\/2021\/07\/6-300x76.jpg 300w\" sizes=\"(max-width: 210px) 100vw, 210px\" \/><img loading=\"lazy\" class=\"alignleft  wp-image-119\" src=\"https:\/\/solidariedarte.pt\/wp-content\/uploads\/2021\/07\/7.png\" alt=\"\" width=\"192\" height=\"50\" srcset=\"https:\/\/solidariedarte.pt\/wp-content\/uploads\/2021\/07\/7.png 483w, https:\/\/solidariedarte.pt\/wp-content\/uploads\/2021\/07\/7-300x78.png 300w\" sizes=\"(max-width: 192px) 100vw, 192px\" \/><img loading=\"lazy\" class=\" wp-image-120 alignright\" src=\"https:\/\/solidariedarte.pt\/wp-content\/uploads\/2021\/07\/8.png\" alt=\"\" width=\"83\" height=\"129\" \/><\/p>\n","protected":false},"excerpt":{"rendered":"<p>&nbsp; &nbsp; &nbsp; &nbsp; Conexio\u00a0\u2013\u00a0Lig\u2019Arte ao Bairro\u00a0| Programa Cidad\u00e3os Ativ@s &nbsp; Atividades &nbsp; Workshops semanais Workshops com din\u00e2micas de educa\u00e7\u00e3o para a cidadania, conce\u00e7\u00e3o, produ\u00e7\u00e3o e transforma\u00e7\u00e3o art\u00edsticas: Sess\u00f5es coletivas com vista \u00e0 consciencializa\u00e7\u00e3o e compreens\u00e3o da realidade comunit\u00e1ria e identifica\u00e7\u00e3o de contributos para um desenvolvimento comunit\u00e1rio, integral e sustent\u00e1vel. &nbsp; Iniciativas c\u00edvicas Conjunto de [&hellip;]<\/p>\n","protected":false},"author":1,"featured_media":0,"parent":0,"menu_order":0,"comment_status":"closed","ping_status":"closed","template":"","meta":[],"_links":{"self":[{"href":"https:\/\/solidariedarte.pt\/index.php\/wp-json\/wp\/v2\/pages\/144"}],"collection":[{"href":"https:\/\/solidariedarte.pt\/index.php\/wp-json\/wp\/v2\/pages"}],"about":[{"href":"https:\/\/solidariedarte.pt\/index.php\/wp-json\/wp\/v2\/types\/page"}],"author":[{"embeddable":true,"href":"https:\/\/solidariedarte.pt\/index.php\/wp-json\/wp\/v2\/users\/1"}],"replies":[{"embeddable":true,"href":"https:\/\/solidariedarte.pt\/index.php\/wp-json\/wp\/v2\/comments?post=144"}],"version-history":[{"count":1,"href":"https:\/\/solidariedarte.pt\/index.php\/wp-json\/wp\/v2\/pages\/144\/revisions"}],"predecessor-version":[{"id":145,"href":"https:\/\/solidariedarte.pt\/index.php\/wp-json\/wp\/v2\/pages\/144\/revisions\/145"}],"wp:attachment":[{"href":"https:\/\/solidariedarte.pt\/index.php\/wp-json\/wp\/v2\/media?parent=144"}],"curies":[{"name":"wp","href":"https:\/\/api.w.org\/{rel}","templated":true}]}}