{"id":148,"date":"2021-07-06T15:46:32","date_gmt":"2021-07-06T15:46:32","guid":{"rendered":"http:\/\/solidariedarte.pt\/?page_id=148"},"modified":"2021-07-06T15:46:32","modified_gmt":"2021-07-06T15:46:32","slug":"progresso-e-resultados","status":"publish","type":"page","link":"https:\/\/solidariedarte.pt\/index.php\/progresso-e-resultados\/","title":{"rendered":"Progresso e Resultados"},"content":{"rendered":"<p><img loading=\"lazy\" class=\"alignleft  wp-image-99\" src=\"https:\/\/solidariedarte.pt\/wp-content\/uploads\/2021\/07\/1-4.jpg\" alt=\"\" width=\"306\" height=\"107\" srcset=\"https:\/\/solidariedarte.pt\/wp-content\/uploads\/2021\/07\/1-4.jpg 500w, https:\/\/solidariedarte.pt\/wp-content\/uploads\/2021\/07\/1-4-300x105.jpg 300w\" sizes=\"(max-width: 306px) 100vw, 306px\" \/><\/p>\n<p>&nbsp;<\/p>\n<p>&nbsp;<\/p>\n<p>&nbsp;<\/p>\n<p>&nbsp;<\/p>\n<h3 style=\"text-align: center;\"><span style=\"color: #3366ff;\"><strong>Conexio<\/strong>\u00a0\u2013\u00a0<em>Lig\u2019Arte ao Bairro<\/em>\u00a0| Programa Cidad\u00e3os Ativ@s<\/span><\/h3>\n<p>&nbsp;<\/p>\n<p>&nbsp;<\/p>\n<h3 style=\"text-align: center;\"><span style=\"color: #3366ff;\">Progresso e Resultados<\/span><\/h3>\n<p>&nbsp;<\/p>\n<p>Esta \u00e1rea destina-se \u00e0 disponibiliza\u00e7\u00e3o de informa\u00e7\u00e3o que permite acompanhar o progresso do\u00a0<strong>Conexio<\/strong>\u00a0\u2013\u00a0<em>Lig\u2019Arte ao Bairro<\/em>.<\/p>\n<p>&nbsp;<\/p>\n<p><img loading=\"lazy\" class=\"alignleft  wp-image-118\" src=\"https:\/\/solidariedarte.pt\/wp-content\/uploads\/2021\/07\/6.jpg\" alt=\"\" width=\"206\" height=\"52\" srcset=\"https:\/\/solidariedarte.pt\/wp-content\/uploads\/2021\/07\/6.jpg 479w, https:\/\/solidariedarte.pt\/wp-content\/uploads\/2021\/07\/6-300x76.jpg 300w\" sizes=\"(max-width: 206px) 100vw, 206px\" \/><img loading=\"lazy\" class=\"alignleft  wp-image-119\" src=\"https:\/\/solidariedarte.pt\/wp-content\/uploads\/2021\/07\/7.png\" alt=\"\" width=\"188\" height=\"49\" srcset=\"https:\/\/solidariedarte.pt\/wp-content\/uploads\/2021\/07\/7.png 483w, https:\/\/solidariedarte.pt\/wp-content\/uploads\/2021\/07\/7-300x78.png 300w\" sizes=\"(max-width: 188px) 100vw, 188px\" \/><img loading=\"lazy\" class=\" wp-image-120 alignright\" src=\"https:\/\/solidariedarte.pt\/wp-content\/uploads\/2021\/07\/8.png\" alt=\"\" width=\"87\" height=\"135\" \/><\/p>\n<p>&nbsp;<\/p>\n","protected":false},"excerpt":{"rendered":"<p>&nbsp; &nbsp; &nbsp; &nbsp; Conexio\u00a0\u2013\u00a0Lig\u2019Arte ao Bairro\u00a0| Programa Cidad\u00e3os Ativ@s &nbsp; &nbsp; Progresso e Resultados &nbsp; Esta \u00e1rea destina-se \u00e0 disponibiliza\u00e7\u00e3o de informa\u00e7\u00e3o que permite acompanhar o progresso do\u00a0Conexio\u00a0\u2013\u00a0Lig\u2019Arte ao Bairro. &nbsp; &nbsp;<\/p>\n","protected":false},"author":1,"featured_media":0,"parent":0,"menu_order":0,"comment_status":"closed","ping_status":"closed","template":"","meta":[],"_links":{"self":[{"href":"https:\/\/solidariedarte.pt\/index.php\/wp-json\/wp\/v2\/pages\/148"}],"collection":[{"href":"https:\/\/solidariedarte.pt\/index.php\/wp-json\/wp\/v2\/pages"}],"about":[{"href":"https:\/\/solidariedarte.pt\/index.php\/wp-json\/wp\/v2\/types\/page"}],"author":[{"embeddable":true,"href":"https:\/\/solidariedarte.pt\/index.php\/wp-json\/wp\/v2\/users\/1"}],"replies":[{"embeddable":true,"href":"https:\/\/solidariedarte.pt\/index.php\/wp-json\/wp\/v2\/comments?post=148"}],"version-history":[{"count":1,"href":"https:\/\/solidariedarte.pt\/index.php\/wp-json\/wp\/v2\/pages\/148\/revisions"}],"predecessor-version":[{"id":149,"href":"https:\/\/solidariedarte.pt\/index.php\/wp-json\/wp\/v2\/pages\/148\/revisions\/149"}],"wp:attachment":[{"href":"https:\/\/solidariedarte.pt\/index.php\/wp-json\/wp\/v2\/media?parent=148"}],"curies":[{"name":"wp","href":"https:\/\/api.w.org\/{rel}","templated":true}]}}