{"id":156,"date":"2021-07-06T15:54:20","date_gmt":"2021-07-06T15:54:20","guid":{"rendered":"http:\/\/solidariedarte.pt\/?page_id=156"},"modified":"2021-07-06T15:54:20","modified_gmt":"2021-07-06T15:54:20","slug":"fantoche-nao-es","status":"publish","type":"page","link":"https:\/\/solidariedarte.pt\/index.php\/fantoche-nao-es\/","title":{"rendered":"Fantoche N\u00e3o \u00c9s!"},"content":{"rendered":"<p>\u201cFantoche n\u00e3o \u00e9s!\u201d \u00e9 um projeto no \u00e2mbito do Or\u00e7amento Participativo do Governo Regional dos A\u00e7ores, promovido pela Associa\u00e7\u00e3o Solidaried\u2019arte e executado em colabora\u00e7\u00e3o com ATL\u2019s da ilha de S\u00e3o Miguel. Trata-se de um projeto de preven\u00e7\u00e3o universal de comportamentos de risco\/promo\u00e7\u00e3o da sa\u00fade, em que as atividades ser\u00e3o implementadas ao longo do ano de 2020, em 1 ATL por concelho, com termino previsto no m\u00eas de junho. Este projeto prop\u00f5e uma interven\u00e7\u00e3o especializada utilizando o teatro de marionetas enquanto ferramenta de interven\u00e7\u00e3o para a educa\u00e7\u00e3o onde ser\u00e3o abordados temas no \u00e2mbito das compet\u00eancias socioemocionais (autoestima, emo\u00e7\u00f5es, regula\u00e7\u00e3o emocional, tomada de decis\u00e3o, entre outras).<\/p>\n<p>&nbsp;<\/p>\n<p><img loading=\"lazy\" class=\"alignleft  wp-image-157\" src=\"https:\/\/solidariedarte.pt\/wp-content\/uploads\/2021\/07\/1-5.jpg\" alt=\"\" width=\"116\" height=\"116\" \/> <img loading=\"lazy\" class=\"alignleft  wp-image-158\" src=\"https:\/\/solidariedarte.pt\/wp-content\/uploads\/2021\/07\/2-7.jpg\" alt=\"\" width=\"116\" height=\"116\" \/> <img loading=\"lazy\" class=\"alignleft  wp-image-159\" src=\"https:\/\/solidariedarte.pt\/wp-content\/uploads\/2021\/07\/3-4.jpg\" alt=\"\" width=\"116\" height=\"116\" \/> <img loading=\"lazy\" class=\"alignleft  wp-image-160\" src=\"https:\/\/solidariedarte.pt\/wp-content\/uploads\/2021\/07\/4-2.jpg\" alt=\"\" width=\"116\" height=\"116\" \/> <img loading=\"lazy\" class=\" wp-image-161 alignleft\" src=\"https:\/\/solidariedarte.pt\/wp-content\/uploads\/2021\/07\/5-1.jpg\" alt=\"\" width=\"116\" height=\"116\" \/> <img loading=\"lazy\" class=\" wp-image-162 alignleft\" src=\"https:\/\/solidariedarte.pt\/wp-content\/uploads\/2021\/07\/6-1.jpg\" alt=\"\" width=\"116\" height=\"116\" \/><\/p>\n","protected":false},"excerpt":{"rendered":"<p>\u201cFantoche n\u00e3o \u00e9s!\u201d \u00e9 um projeto no \u00e2mbito do Or\u00e7amento Participativo do Governo Regional dos A\u00e7ores, promovido pela Associa\u00e7\u00e3o Solidaried\u2019arte e executado em colabora\u00e7\u00e3o com ATL\u2019s da ilha de S\u00e3o Miguel. Trata-se de um projeto de preven\u00e7\u00e3o universal de comportamentos de risco\/promo\u00e7\u00e3o da sa\u00fade, em que as atividades ser\u00e3o implementadas ao longo do ano de [&hellip;]<\/p>\n","protected":false},"author":1,"featured_media":0,"parent":0,"menu_order":0,"comment_status":"closed","ping_status":"closed","template":"","meta":[],"_links":{"self":[{"href":"https:\/\/solidariedarte.pt\/index.php\/wp-json\/wp\/v2\/pages\/156"}],"collection":[{"href":"https:\/\/solidariedarte.pt\/index.php\/wp-json\/wp\/v2\/pages"}],"about":[{"href":"https:\/\/solidariedarte.pt\/index.php\/wp-json\/wp\/v2\/types\/page"}],"author":[{"embeddable":true,"href":"https:\/\/solidariedarte.pt\/index.php\/wp-json\/wp\/v2\/users\/1"}],"replies":[{"embeddable":true,"href":"https:\/\/solidariedarte.pt\/index.php\/wp-json\/wp\/v2\/comments?post=156"}],"version-history":[{"count":1,"href":"https:\/\/solidariedarte.pt\/index.php\/wp-json\/wp\/v2\/pages\/156\/revisions"}],"predecessor-version":[{"id":163,"href":"https:\/\/solidariedarte.pt\/index.php\/wp-json\/wp\/v2\/pages\/156\/revisions\/163"}],"wp:attachment":[{"href":"https:\/\/solidariedarte.pt\/index.php\/wp-json\/wp\/v2\/media?parent=156"}],"curies":[{"name":"wp","href":"https:\/\/api.w.org\/{rel}","templated":true}]}}