{"id":165,"date":"2021-07-06T15:57:25","date_gmt":"2021-07-06T15:57:25","guid":{"rendered":"http:\/\/solidariedarte.pt\/?page_id=165"},"modified":"2021-07-06T15:57:25","modified_gmt":"2021-07-06T15:57:25","slug":"rasga-o-passado","status":"publish","type":"page","link":"https:\/\/solidariedarte.pt\/index.php\/rasga-o-passado\/","title":{"rendered":"Rasga o Passado"},"content":{"rendered":"<p>\u201c<em>Rasga o Passado<\/em>\u201d \u2013 uma adapta\u00e7\u00e3o para a preven\u00e7\u00e3o e combate \u00e0 viol\u00eancia dom\u00e9stica \u00e9 um projeto promovido pela Solidaried\u2019arte e financiado pela Dire\u00e7\u00e3o Regional da Solidariedade Social.<\/p>\n<p>Tem como principal objetivo prevenir, informar e sensibilizar no \u00e2mbito da viol\u00eancia dom\u00e9stica, @s alun@s que frequentam o 11\u00ba ano de escolaridade, no ano letivo 2019\/2020, nas seguintes escolas da ilha de S\u00e3o Miguel:<\/p>\n<ul>\n<li>Escola Secund\u00e1ria Domingos Rebelo<\/li>\n<li>Escola Secund\u00e1ria Antero de Quental<\/li>\n<li>Escola Secund\u00e1ria das Laranjeiras<\/li>\n<li>Escola Secund\u00e1ria da Ribeira Grande<\/li>\n<li>Escola Secund\u00e1ria da Lagoa<\/li>\n<li>Escola B\u00e1sica e Secund\u00e1ria de Vila Franca do Campo<\/li>\n<li>Escola B\u00e1sica e Secund\u00e1ria de Nordeste<\/li>\n<li>Escola B\u00e1sica e Secund\u00e1ria da Povoa\u00e7\u00e3o<\/li>\n<\/ul>\n<p>A atividade realizada em cada escola consiste:<\/p>\n<ul>\n<li>Pe\u00e7a de teatro<\/li>\n<\/ul>\n<p>\u201c<em>Di\u00e1rio do meu segredo<\/em>\u201d de Susana Margarido e interpretado pela atriz Mariana Pacheco de Medeiros.<\/p>\n<p>\u201c<em>Di\u00e1rio do meu segredo<\/em>\u201d, \u00e9 um dos cinco mon\u00f3logos que comp\u00f5e a pe\u00e7a \u201cRasga o Passado\u201d.<\/p>\n<ul>\n<li>Sess\u00e3o de explora\u00e7\u00e3o da pe\u00e7a e do tema, conduzido por organiza\u00e7\u00e3o parceira.<\/li>\n<li>Mitos e verdades sobre a viol\u00eancia | Metodologia a aplicar em contexto de sala de aula<\/li>\n<\/ul>\n<p>O projeto conta com a parceria da Rede de Apoio \u00e0 V\u00edtima de Viol\u00eancia Dom\u00e9stica e \u00e0 Mulher em Risco.<\/p>\n<p>&nbsp;<\/p>\n<p><img loading=\"lazy\" class=\"alignleft  wp-image-166\" src=\"https:\/\/solidariedarte.pt\/wp-content\/uploads\/2021\/07\/1-6.jpg\" alt=\"\" width=\"250\" height=\"121\" srcset=\"https:\/\/solidariedarte.pt\/wp-content\/uploads\/2021\/07\/1-6.jpg 960w, https:\/\/solidariedarte.pt\/wp-content\/uploads\/2021\/07\/1-6-300x146.jpg 300w, https:\/\/solidariedarte.pt\/wp-content\/uploads\/2021\/07\/1-6-768x373.jpg 768w\" sizes=\"(max-width: 250px) 100vw, 250px\" \/> <img loading=\"lazy\" class=\"alignleft  wp-image-167\" src=\"https:\/\/solidariedarte.pt\/wp-content\/uploads\/2021\/07\/2-8.jpg\" alt=\"\" width=\"251\" height=\"122\" srcset=\"https:\/\/solidariedarte.pt\/wp-content\/uploads\/2021\/07\/2-8.jpg 960w, https:\/\/solidariedarte.pt\/wp-content\/uploads\/2021\/07\/2-8-300x146.jpg 300w, https:\/\/solidariedarte.pt\/wp-content\/uploads\/2021\/07\/2-8-768x373.jpg 768w\" sizes=\"(max-width: 251px) 100vw, 251px\" \/> <img loading=\"lazy\" class=\"alignleft  wp-image-168\" src=\"https:\/\/solidariedarte.pt\/wp-content\/uploads\/2021\/07\/3-5.jpg\" alt=\"\" width=\"250\" height=\"121\" srcset=\"https:\/\/solidariedarte.pt\/wp-content\/uploads\/2021\/07\/3-5.jpg 960w, https:\/\/solidariedarte.pt\/wp-content\/uploads\/2021\/07\/3-5-300x146.jpg 300w, https:\/\/solidariedarte.pt\/wp-content\/uploads\/2021\/07\/3-5-768x373.jpg 768w\" sizes=\"(max-width: 250px) 100vw, 250px\" \/><\/p>\n","protected":false},"excerpt":{"rendered":"<p>\u201cRasga o Passado\u201d \u2013 uma adapta\u00e7\u00e3o para a preven\u00e7\u00e3o e combate \u00e0 viol\u00eancia dom\u00e9stica \u00e9 um projeto promovido pela Solidaried\u2019arte e financiado pela Dire\u00e7\u00e3o Regional da Solidariedade Social. Tem como principal objetivo prevenir, informar e sensibilizar no \u00e2mbito da viol\u00eancia dom\u00e9stica, @s alun@s que frequentam o 11\u00ba ano de escolaridade, no ano letivo 2019\/2020, nas [&hellip;]<\/p>\n","protected":false},"author":1,"featured_media":0,"parent":0,"menu_order":0,"comment_status":"closed","ping_status":"closed","template":"","meta":[],"_links":{"self":[{"href":"https:\/\/solidariedarte.pt\/index.php\/wp-json\/wp\/v2\/pages\/165"}],"collection":[{"href":"https:\/\/solidariedarte.pt\/index.php\/wp-json\/wp\/v2\/pages"}],"about":[{"href":"https:\/\/solidariedarte.pt\/index.php\/wp-json\/wp\/v2\/types\/page"}],"author":[{"embeddable":true,"href":"https:\/\/solidariedarte.pt\/index.php\/wp-json\/wp\/v2\/users\/1"}],"replies":[{"embeddable":true,"href":"https:\/\/solidariedarte.pt\/index.php\/wp-json\/wp\/v2\/comments?post=165"}],"version-history":[{"count":1,"href":"https:\/\/solidariedarte.pt\/index.php\/wp-json\/wp\/v2\/pages\/165\/revisions"}],"predecessor-version":[{"id":169,"href":"https:\/\/solidariedarte.pt\/index.php\/wp-json\/wp\/v2\/pages\/165\/revisions\/169"}],"wp:attachment":[{"href":"https:\/\/solidariedarte.pt\/index.php\/wp-json\/wp\/v2\/media?parent=165"}],"curies":[{"name":"wp","href":"https:\/\/api.w.org\/{rel}","templated":true}]}}