{"id":186,"date":"2021-07-06T16:05:24","date_gmt":"2021-07-06T16:05:24","guid":{"rendered":"http:\/\/solidariedarte.pt\/?page_id=186"},"modified":"2021-07-06T16:05:24","modified_gmt":"2021-07-06T16:05:24","slug":"training-course-erasmus-mastery","status":"publish","type":"page","link":"https:\/\/solidariedarte.pt\/index.php\/training-course-erasmus-mastery\/","title":{"rendered":"Training Course \u201cErasmus + Mastery\u201d"},"content":{"rendered":"<p>Decorreu em Tbilisi \u2013 Ge\u00f3rgia \u2013 entre os dias 5 e 13 de Fevereiro um Training Course (TC) intitulado \u201cErasmus + Mastery\u201d, onde estiveram presentes representantes de Organiza\u00e7\u00f5es e Trabalhadores de Juventude de 9 pa\u00edses \u2013 Ge\u00f3rgia, Alemanha, Arm\u00e9nia, Bulg\u00e1ria, Rom\u00e9nia, Curdist\u00e3o da Turquia, Cro\u00e1cia, Pol\u00f3nia e Portugal, atrav\u00e9s de 3 participantes da Solidaried\u2019arte.<\/p>\n<p>Este Training Course teve por objectivo principal o de empoderar o Trabalhadores de Juventude e Coordenadores de Organiza\u00e7\u00f5es N\u00e3o Governamentais dotando-os de t\u00e9cnicas e compet\u00eancias com vista ao desenvolvimento e escrita de projetos ao n\u00edvel local, nacional e internacional.<\/p>\n<p>Neste sentido, explorou-se o Programa Erasmus+ Juventude em A\u00e7\u00e3o da Uni\u00e3o Europeia, com enfoque principal na sua estrat\u00e9gia.<\/p>\n<p>Deste TC, surgiram parcerias importantes tendo-se, inclusivamente, dado in\u00edcio ao desenho inicial de futuros projetos, sendo que alguns deles decorrer\u00e3o nos A\u00e7ores com a Solidaried\u2019arte.<\/p>\n<p>Para os participantes portugueses foi uma oportunidade de aquisi\u00e7\u00e3o e consolida\u00e7\u00e3o de compet\u00eancias, ao mesmo tempo que se confrontam experi\u00eancias, viv\u00eancias e culturas t\u00e3o diferentes.<\/p>\n<p>\u00c0 ProActive Group Georgia e \u00e0 ARCO, respetivamente entidade de acolhimento e entidade organizadora, endere\u00e7amos o nosso profundo reconhecimento pela experi\u00eancia proporcionada e pelo fant\u00e1stico acolhimento e qualidade do Training Course ministrado.<\/p>\n<p>&nbsp;<\/p>\n<p><img loading=\"lazy\" class=\"alignleft size-full wp-image-187\" src=\"https:\/\/solidariedarte.pt\/wp-content\/uploads\/2021\/07\/1-7.jpg\" alt=\"\" width=\"300\" height=\"225\" \/> <img loading=\"lazy\" class=\"alignleft size-full wp-image-188\" src=\"https:\/\/solidariedarte.pt\/wp-content\/uploads\/2021\/07\/2-9.jpg\" alt=\"\" width=\"300\" height=\"225\" \/><\/p>\n","protected":false},"excerpt":{"rendered":"<p>Decorreu em Tbilisi \u2013 Ge\u00f3rgia \u2013 entre os dias 5 e 13 de Fevereiro um Training Course (TC) intitulado \u201cErasmus + Mastery\u201d, onde estiveram presentes representantes de Organiza\u00e7\u00f5es e Trabalhadores de Juventude de 9 pa\u00edses \u2013 Ge\u00f3rgia, Alemanha, Arm\u00e9nia, Bulg\u00e1ria, Rom\u00e9nia, Curdist\u00e3o da Turquia, Cro\u00e1cia, Pol\u00f3nia e Portugal, atrav\u00e9s de 3 participantes da Solidaried\u2019arte. Este [&hellip;]<\/p>\n","protected":false},"author":1,"featured_media":0,"parent":0,"menu_order":0,"comment_status":"closed","ping_status":"closed","template":"","meta":[],"_links":{"self":[{"href":"https:\/\/solidariedarte.pt\/index.php\/wp-json\/wp\/v2\/pages\/186"}],"collection":[{"href":"https:\/\/solidariedarte.pt\/index.php\/wp-json\/wp\/v2\/pages"}],"about":[{"href":"https:\/\/solidariedarte.pt\/index.php\/wp-json\/wp\/v2\/types\/page"}],"author":[{"embeddable":true,"href":"https:\/\/solidariedarte.pt\/index.php\/wp-json\/wp\/v2\/users\/1"}],"replies":[{"embeddable":true,"href":"https:\/\/solidariedarte.pt\/index.php\/wp-json\/wp\/v2\/comments?post=186"}],"version-history":[{"count":1,"href":"https:\/\/solidariedarte.pt\/index.php\/wp-json\/wp\/v2\/pages\/186\/revisions"}],"predecessor-version":[{"id":189,"href":"https:\/\/solidariedarte.pt\/index.php\/wp-json\/wp\/v2\/pages\/186\/revisions\/189"}],"wp:attachment":[{"href":"https:\/\/solidariedarte.pt\/index.php\/wp-json\/wp\/v2\/media?parent=186"}],"curies":[{"name":"wp","href":"https:\/\/api.w.org\/{rel}","templated":true}]}}