{"id":192,"date":"2021-07-06T16:07:31","date_gmt":"2021-07-06T16:07:31","guid":{"rendered":"http:\/\/solidariedarte.pt\/?page_id=192"},"modified":"2021-07-06T16:07:31","modified_gmt":"2021-07-06T16:07:31","slug":"youth-exchange-labour-up","status":"publish","type":"page","link":"https:\/\/solidariedarte.pt\/index.php\/youth-exchange-labour-up\/","title":{"rendered":"Youth Exchange \u201cLabour Up\u201d"},"content":{"rendered":"<p>PROJETO ERASMUS + | Youth Exchange \u201cLabour up\u201d<\/p>\n<p>A Solidaried\u2019arte juntou-se, uma vez mais, a jovens de v\u00e1rios pa\u00edses, no \u00e2mbito de mais um projeto Erasmus + | Labour UP \u2013 Youth Exchange.<\/p>\n<p>Realizou-se na cidade de Valladolid, Espanha, organizado pelo\u00a0<em>Consejo de la Juventud de Castilla y Le\u00f3n<\/em>.<\/p>\n<p>31 jovens de Portugal, Espanha, It\u00e1lia, Gr\u00e9cia, Ucr\u00e2nia e S\u00e9rvia, entre 20 de agosto e 7 de setembro, refletiram e trabalharam sobre temas de desenvolvimento pessoal e profissional, conheceram a realidade laboral nos diferentes pa\u00edses e perspetivaram o seu futuro, munidos de novas e eficazes ferramentas.<\/p>\n<p>A Solidaried\u2019arte demonstra a sua satisfa\u00e7\u00e3o para com a dedica\u00e7\u00e3o do grupo de jovens, bem como da entidade de acolhimento. Reuniram-se as condi\u00e7\u00f5es para a realiza\u00e7\u00e3o de um projeto de profundo valor pessoal e coletivo.<\/p>\n<p><em>Muchas gracias!<\/em><\/p>\n<p>&nbsp;<\/p>\n<p><img loading=\"lazy\" class=\"alignleft  wp-image-193\" src=\"https:\/\/solidariedarte.pt\/wp-content\/uploads\/2021\/07\/1-8.jpg\" alt=\"\" width=\"200\" height=\"200\" \/> <img loading=\"lazy\" class=\"alignleft  wp-image-194\" src=\"https:\/\/solidariedarte.pt\/wp-content\/uploads\/2021\/07\/2-10.jpg\" alt=\"\" width=\"200\" height=\"200\" \/> <img loading=\"lazy\" class=\"alignleft  wp-image-195\" src=\"https:\/\/solidariedarte.pt\/wp-content\/uploads\/2021\/07\/3-6.jpg\" alt=\"\" width=\"200\" height=\"200\" \/><\/p>\n","protected":false},"excerpt":{"rendered":"<p>PROJETO ERASMUS + | Youth Exchange \u201cLabour up\u201d A Solidaried\u2019arte juntou-se, uma vez mais, a jovens de v\u00e1rios pa\u00edses, no \u00e2mbito de mais um projeto Erasmus + | Labour UP \u2013 Youth Exchange. Realizou-se na cidade de Valladolid, Espanha, organizado pelo\u00a0Consejo de la Juventud de Castilla y Le\u00f3n. 31 jovens de Portugal, Espanha, It\u00e1lia, Gr\u00e9cia, [&hellip;]<\/p>\n","protected":false},"author":1,"featured_media":0,"parent":0,"menu_order":0,"comment_status":"closed","ping_status":"closed","template":"","meta":[],"_links":{"self":[{"href":"https:\/\/solidariedarte.pt\/index.php\/wp-json\/wp\/v2\/pages\/192"}],"collection":[{"href":"https:\/\/solidariedarte.pt\/index.php\/wp-json\/wp\/v2\/pages"}],"about":[{"href":"https:\/\/solidariedarte.pt\/index.php\/wp-json\/wp\/v2\/types\/page"}],"author":[{"embeddable":true,"href":"https:\/\/solidariedarte.pt\/index.php\/wp-json\/wp\/v2\/users\/1"}],"replies":[{"embeddable":true,"href":"https:\/\/solidariedarte.pt\/index.php\/wp-json\/wp\/v2\/comments?post=192"}],"version-history":[{"count":1,"href":"https:\/\/solidariedarte.pt\/index.php\/wp-json\/wp\/v2\/pages\/192\/revisions"}],"predecessor-version":[{"id":196,"href":"https:\/\/solidariedarte.pt\/index.php\/wp-json\/wp\/v2\/pages\/192\/revisions\/196"}],"wp:attachment":[{"href":"https:\/\/solidariedarte.pt\/index.php\/wp-json\/wp\/v2\/media?parent=192"}],"curies":[{"name":"wp","href":"https:\/\/api.w.org\/{rel}","templated":true}]}}