{"id":199,"date":"2021-07-06T16:09:31","date_gmt":"2021-07-06T16:09:31","guid":{"rendered":"http:\/\/solidariedarte.pt\/?page_id=199"},"modified":"2021-07-06T16:09:31","modified_gmt":"2021-07-06T16:09:31","slug":"youth-exchange-music-connection","status":"publish","type":"page","link":"https:\/\/solidariedarte.pt\/index.php\/youth-exchange-music-connection\/","title":{"rendered":"Youth Exchange \u201cMusic Connection\u201d"},"content":{"rendered":"<p><img loading=\"lazy\" class=\"alignleft size-full wp-image-200\" src=\"https:\/\/solidariedarte.pt\/wp-content\/uploads\/2021\/07\/1-9.jpg\" alt=\"\" width=\"960\" height=\"639\" srcset=\"https:\/\/solidariedarte.pt\/wp-content\/uploads\/2021\/07\/1-9.jpg 960w, https:\/\/solidariedarte.pt\/wp-content\/uploads\/2021\/07\/1-9-300x200.jpg 300w, https:\/\/solidariedarte.pt\/wp-content\/uploads\/2021\/07\/1-9-768x511.jpg 768w\" sizes=\"(max-width: 960px) 100vw, 960px\" \/><\/p>\n<p>&nbsp;<\/p>\n<p>&nbsp;<\/p>\n<p>&nbsp;<\/p>\n<p>&nbsp;<\/p>\n<p>&nbsp;<\/p>\n<p>&nbsp;<\/p>\n<p>&nbsp;<\/p>\n<p>&nbsp;<\/p>\n<p>&nbsp;<\/p>\n<p>&nbsp;<\/p>\n<p>&nbsp;<\/p>\n<p>&nbsp;<\/p>\n<p>&nbsp;<\/p>\n<p>&nbsp;<\/p>\n<p>&nbsp;<\/p>\n<p><strong>A\u00a0Solidaried\u2019arte participou, atrav\u00e9s de um grupo de 5 jovens, em um Interc\u00e2mbio de Juventude \u2013 YE Music Connection \u2013 realizado entre os dias de 3 e 10 de Setembro em Ciudad Real em Espanha.<br \/>\nOrganizado pela Associa\u00e7\u00e3o Mille Cunti de Espanha e promovido pela UE atrav\u00e9s do Programa Erasmus +. Neste YE participaram 30 jovens oriundos de 6 pa\u00edses.<br \/>\nApercebendo-se que, passados mais de 60 anos sobre a\u00a0assinatura do tratado de Roma, a Europa corre o risco de inverter o rumo e cometer os erros que aquele tratado visava impedir. De facto, o regresso da xenofobia, do nacionalismo, o crescimento da discrimina\u00e7\u00e3o de g\u00e9nero s\u00e3o vis\u00edveis constituindo uma s\u00e9ria amea\u00e7a ao projecto europeu.<br \/>\nPor estes motivos, a Mille Cunti com este Youth Exchange procurou promover os valores caros e basilares da Europa, principalmente a Unidade e a Solidariedade \u2013 entre as gera\u00e7\u00f5es mais jovens, para que seja poss\u00edvel alcan\u00e7ar consolidar uma UE mais acolhedora, mais coesa, mais humana.<br \/>\nSendo a m\u00fasica um ve\u00edculo priviligiado de integra\u00e7\u00e3o, a Associa\u00e7\u00e3o Mille Cunti promoveu e acolheu este YE com os objectivos gerais de:<br \/>\n\u2013 incutir os valores da unidade, respeito e toler\u00e2ncia tendo como fio condutor a m\u00fasica;<br \/>\n\u2013 aprender sobre as diferentes culturas atrav\u00e9s da m\u00fasica;<br \/>\n\u2013 adquirir compet\u00eancias musicais com vista ao seu recurso como ferramenta para a transforma\u00e7\u00e3o social.<\/strong><\/p>\n<p>\u00c0 Associa\u00e7\u00e3o Mille Cunti, o nosso imenso obrigado pela experi\u00eancia inesquec\u00edvel! Gracias amigos!<\/p>\n","protected":false},"excerpt":{"rendered":"<p>&nbsp; &nbsp; &nbsp; &nbsp; &nbsp; &nbsp; &nbsp; &nbsp; &nbsp; &nbsp; &nbsp; &nbsp; &nbsp; &nbsp; &nbsp; A\u00a0Solidaried\u2019arte participou, atrav\u00e9s de um grupo de 5 jovens, em um Interc\u00e2mbio de Juventude \u2013 YE Music Connection \u2013 realizado entre os dias de 3 e 10 de Setembro em Ciudad Real em Espanha. Organizado pela Associa\u00e7\u00e3o Mille Cunti de [&hellip;]<\/p>\n","protected":false},"author":1,"featured_media":0,"parent":0,"menu_order":0,"comment_status":"closed","ping_status":"closed","template":"","meta":[],"_links":{"self":[{"href":"https:\/\/solidariedarte.pt\/index.php\/wp-json\/wp\/v2\/pages\/199"}],"collection":[{"href":"https:\/\/solidariedarte.pt\/index.php\/wp-json\/wp\/v2\/pages"}],"about":[{"href":"https:\/\/solidariedarte.pt\/index.php\/wp-json\/wp\/v2\/types\/page"}],"author":[{"embeddable":true,"href":"https:\/\/solidariedarte.pt\/index.php\/wp-json\/wp\/v2\/users\/1"}],"replies":[{"embeddable":true,"href":"https:\/\/solidariedarte.pt\/index.php\/wp-json\/wp\/v2\/comments?post=199"}],"version-history":[{"count":1,"href":"https:\/\/solidariedarte.pt\/index.php\/wp-json\/wp\/v2\/pages\/199\/revisions"}],"predecessor-version":[{"id":201,"href":"https:\/\/solidariedarte.pt\/index.php\/wp-json\/wp\/v2\/pages\/199\/revisions\/201"}],"wp:attachment":[{"href":"https:\/\/solidariedarte.pt\/index.php\/wp-json\/wp\/v2\/media?parent=199"}],"curies":[{"name":"wp","href":"https:\/\/api.w.org\/{rel}","templated":true}]}}