{"id":207,"date":"2021-07-06T16:14:17","date_gmt":"2021-07-06T16:14:17","guid":{"rendered":"http:\/\/solidariedarte.pt\/?page_id=207"},"modified":"2021-07-06T16:18:03","modified_gmt":"2021-07-06T16:18:03","slug":"rural-innovators","status":"publish","type":"page","link":"https:\/\/solidariedarte.pt\/index.php\/rural-innovators\/","title":{"rendered":"Rural Innovators"},"content":{"rendered":"<p>&nbsp;<\/p>\n<p>&nbsp;<\/p>\n<p><img loading=\"lazy\" class=\"alignleft size-full wp-image-208\" src=\"https:\/\/solidariedarte.pt\/wp-content\/uploads\/2021\/07\/1-11.jpg\" alt=\"\" width=\"300\" height=\"157\" \/>Rural Innovators | Ponta Delgada | 1 a 8 de fevereiro 2018<\/p>\n<p>A Solidaried\u2019arte ir\u00e1 levar a cabo o Training Course (TC) \u201cRural Innovators\u201d, que ter\u00e1 lugar em Ponta Delgada, entre os dias 1 e 8 de fevereiro de 2018. Contar\u00e1 com um total de 23 participantes oriundos de Portugal, Espanha, It\u00e1lia, Alb\u00e2nia, Ge\u00f3rgia, S\u00e9rvia e Dinamarca.<\/p>\n<p>Este TC desenvolver-se-\u00e1 num ambiente de edu\u00e7\u00e3o n\u00e3o formal, caracter\u00edstico do Programa Erasmus +.<\/p>\n<p>Destina-se a Profissionais da \u00c1rea da Juventude, bem como jovens volunt\u00e1rios e\/ou jovens abrangidos em atividades desenvolvidas pelas organiza\u00e7\u00f5es participantes, que se coadunem com os objetivos do TC, sendo que o principal objetivo passa por capacitar os participantes com novas formas de abordar as quest\u00f5es associadas ao empreendedorismo e inova\u00e7\u00e3o em contexto rural.<\/p>\n<p>Assim s\u00e3o objetivos espec\u00edficos deste TC:<\/p>\n<ul>\n<li>Promover o desenvolvimento de iniciativas e ideias;<\/li>\n<li>Fortalecer o papel das organiza\u00e7\u00f5es envolvidas enquanto pe\u00e7as chave na sua comunidade;<\/li>\n<li>Capacitar os participantes para motivar as suas comunidades para o empreendedorismo;<\/li>\n<li>Capacitar os participantes para fomentar capacidades de empreendedorismo associadas \u00e0 cria\u00e7\u00e3o de emprego;<\/li>\n<li>Evidenciar o espirito solid\u00e1rio na capacita\u00e7\u00e3o conjunta de jovens provenientes de meios rurais, promovendo, em simult\u00e2neo, os valores de unidade e diversidade;<\/li>\n<li>Promover os espa\u00e7os rurais como locais de aprendizagem;<\/li>\n<li>Real\u00e7ar a aprendizagem intercultural;<\/li>\n<li>Contribuir para melhorar as compet\u00eancias organizacionais e de lideran\u00e7a de profissionais, volunt\u00e1rios e jovens;<\/li>\n<li>Informar e evidenciar que os jovens de meios rurais t\u00eam os mesmo direitos e oportunidades no uso do Programa Erasmus +;<\/li>\n<li>Contribuir para o desenvolvimento de confian\u00e7a nos participantes, por forma a promover a sua participa\u00e7\u00e3o em projetos de parcerias e de cariz internacional;<\/li>\n<li>Promover a partilha e aprendizagem entre pa\u00edses e culturas;<\/li>\n<li>Construir parcerias internacionais s\u00f3lidas.<\/li>\n<\/ul>\n<p><img loading=\"lazy\" class=\"alignleft size-full wp-image-209\" src=\"https:\/\/solidariedarte.pt\/wp-content\/uploads\/2021\/07\/2-11.jpg\" alt=\"\" width=\"150\" height=\"150\" \/> <img loading=\"lazy\" class=\"alignleft size-full wp-image-210\" src=\"https:\/\/solidariedarte.pt\/wp-content\/uploads\/2021\/07\/3-7.jpg\" alt=\"\" width=\"150\" height=\"150\" \/> <img loading=\"lazy\" class=\"alignleft size-full wp-image-211\" src=\"https:\/\/solidariedarte.pt\/wp-content\/uploads\/2021\/07\/4-4.jpg\" alt=\"\" width=\"150\" height=\"150\" \/><\/p>\n<p>&nbsp;<\/p>\n<p>&nbsp;<\/p>\n<p>&nbsp;<\/p>\n<p>&nbsp;<\/p>\n<p>&nbsp;<\/p>\n<p>Aqui pode descarregar 2 dos resultados finais desde Projecto Erasmus +<\/p>\n<ul>\n<li><a href=\"https:\/\/solidariedarte.pt\/wp-content\/uploads\/2021\/07\/9-TIPS-FOR-A-SUCCESSFUL-ACTIVITY-IN-YOUR-COMMUNITY-1.pdf\" target=\"_blank\" rel=\"noopener\">9-TIPS-FOR-A-SUCCESSFUL-ACTIVITY-IN-YOUR-COMMUNITY-1<\/a><\/li>\n<li><a href=\"https:\/\/solidariedarte.pt\/wp-content\/uploads\/2021\/07\/BOOKLET_Rural-Innovators.pdf\" target=\"_blank\" rel=\"noopener\">BOOKLET_Rural-Innovators<\/a><\/li>\n<\/ul>\n<p><a href=\"https:\/\/www.facebook.com\/Rural-Innovators-144928189558931\/\" target=\"_blank\" rel=\"noopener\"><strong>P\u00e1gina ofical do projeto Rural Innovators<\/strong><\/a><\/p>\n<p>&nbsp;<\/p>\n<p>&nbsp;<\/p>\n","protected":false},"excerpt":{"rendered":"<p>&nbsp; &nbsp; Rural Innovators | Ponta Delgada | 1 a 8 de fevereiro 2018 A Solidaried\u2019arte ir\u00e1 levar a cabo o Training Course (TC) \u201cRural Innovators\u201d, que ter\u00e1 lugar em Ponta Delgada, entre os dias 1 e 8 de fevereiro de 2018. Contar\u00e1 com um total de 23 participantes oriundos de Portugal, Espanha, It\u00e1lia, Alb\u00e2nia, [&hellip;]<\/p>\n","protected":false},"author":1,"featured_media":0,"parent":0,"menu_order":0,"comment_status":"closed","ping_status":"closed","template":"","meta":[],"_links":{"self":[{"href":"https:\/\/solidariedarte.pt\/index.php\/wp-json\/wp\/v2\/pages\/207"}],"collection":[{"href":"https:\/\/solidariedarte.pt\/index.php\/wp-json\/wp\/v2\/pages"}],"about":[{"href":"https:\/\/solidariedarte.pt\/index.php\/wp-json\/wp\/v2\/types\/page"}],"author":[{"embeddable":true,"href":"https:\/\/solidariedarte.pt\/index.php\/wp-json\/wp\/v2\/users\/1"}],"replies":[{"embeddable":true,"href":"https:\/\/solidariedarte.pt\/index.php\/wp-json\/wp\/v2\/comments?post=207"}],"version-history":[{"count":4,"href":"https:\/\/solidariedarte.pt\/index.php\/wp-json\/wp\/v2\/pages\/207\/revisions"}],"predecessor-version":[{"id":221,"href":"https:\/\/solidariedarte.pt\/index.php\/wp-json\/wp\/v2\/pages\/207\/revisions\/221"}],"wp:attachment":[{"href":"https:\/\/solidariedarte.pt\/index.php\/wp-json\/wp\/v2\/media?parent=207"}],"curies":[{"name":"wp","href":"https:\/\/api.w.org\/{rel}","templated":true}]}}