{"id":223,"date":"2021-07-06T16:20:29","date_gmt":"2021-07-06T16:20:29","guid":{"rendered":"http:\/\/solidariedarte.pt\/?page_id=223"},"modified":"2021-07-06T17:10:40","modified_gmt":"2021-07-06T17:10:40","slug":"voluntariado-oportunidades","status":"publish","type":"page","link":"https:\/\/solidariedarte.pt\/index.php\/voluntariado-oportunidades\/","title":{"rendered":"Voluntariado | Oportunidades"},"content":{"rendered":"<p>Erasmus + | Voluntariado Pol\u00f3nia<\/p>\n<p><a href=\"https:\/\/solidariedarte.pt\/index.php\/226-2\/\" target=\"_blank\" rel=\"noopener\"><strong>Mais Informa\u00e7\u00e3o \u00bb<\/strong><\/a><\/p>\n<p>Erasmus + | Voluntariado Espanha \u2013\u00a0<strong>Esta vaga j\u00e1 se encontra preenchida!\u00a0<\/strong><\/p>\n<p><a href=\"https:\/\/solidariedarte.pt\/index.php\/236-2\/\" target=\"_blank\" rel=\"noopener\"><strong>Mais Informa\u00e7\u00e3o \u00bb<\/strong><\/a><\/p>\n<p>Erasmus + | Voluntariado Espanha \u2013\u00a0<strong>Esta vaga j\u00e1 se encontra preenchida!<\/strong><\/p>\n<p><a href=\"https:\/\/solidariedarte.pt\/index.php\/245-2\/\" target=\"_blank\" rel=\"noopener\"><strong>Mais Informa\u00e7\u00e3o \u00bb<\/strong><\/a><\/p>\n<p>Erasmus + | Voluntariado Pol\u00f3nia \u2013\u00a0<strong>Esta vaga j\u00e1 se encontra preenchida!\u00a0<\/strong><\/p>\n<p><a href=\"https:\/\/solidariedarte.pt\/index.php\/253-2\/\" target=\"_blank\" rel=\"noopener\"><strong>Mais Informa\u00e7\u00e3o \u00bb<\/strong><\/a><\/p>\n<p>Erasmus + | Voluntariado It\u00e1lia \u2013\u00a0<strong>Esta vaga j\u00e1 se encontra preenchida!\u00a0<\/strong><\/p>\n<p><a href=\"https:\/\/solidariedarte.pt\/index.php\/261-2\/\" target=\"_blank\" rel=\"noopener\"><strong>Mais Informa\u00e7\u00e3o \u00bb<\/strong><\/a><\/p>\n<p>Erasmus + | Voluntariado Eslov\u00e9nia \u2013\u00a0<strong>Esta vaga j\u00e1 se encontra preenchida!<\/strong><\/p>\n<p><strong><a href=\"https:\/\/solidariedarte.pt\/index.php\/269-2\/\" target=\"_blank\" rel=\"noopener\">Mais Informa\u00e7\u00e3o \u00bb<\/a>\u00a0<\/strong><\/p>\n<p><strong>Se procuras a tua oportunidade para participar num projecto\u00a0 \u00a0 \u00a0 \u00a0 \u00a0 \u00a0 \u00a0 \u00a0 \u00a0 \u00a0 \u00a0 \u00a0 \u00a0 \u00a0 \u00a0 \u00a0 \u00a0 \u00a0 \u00a0 \u00a0 \u00a0 \u00a0 \u00a0 \u00a0 \u00a0 \u00a0 \u00a0 \u00a0 \u00a0 \u00a0 \u00a0 \u00a0 \u00a0 \u00a0 \u00a0 \u00a0 \u00a0 \u00a0 europeu de voluntariado, existem outras oportunidades.\u00a0<\/strong><\/p>\n<p><strong>\u00a0 \u00a0 \u00a0 \u00a0 \u00a0 \u00a0 \u00a0 \u00a0 \u00a0 \u00a0 \u00a0 \u00a0 \u00a0 \u00a0 \u00a0 \u00a0 \u00a0 \u00a0 \u00a0 \u00a0 \u00a0 \u00a0 \u00a0 \u00a0 \u00a0N\u00e3o\u00a0 hesites, contacta-nos!<\/strong><\/p>\n<p>&nbsp;<\/p>\n","protected":false},"excerpt":{"rendered":"<p>Erasmus + | Voluntariado Pol\u00f3nia Mais Informa\u00e7\u00e3o \u00bb Erasmus + | Voluntariado Espanha \u2013\u00a0Esta vaga j\u00e1 se encontra preenchida!\u00a0 Mais Informa\u00e7\u00e3o \u00bb Erasmus + | Voluntariado Espanha \u2013\u00a0Esta vaga j\u00e1 se encontra preenchida! Mais Informa\u00e7\u00e3o \u00bb Erasmus + | Voluntariado Pol\u00f3nia \u2013\u00a0Esta vaga j\u00e1 se encontra preenchida!\u00a0 Mais Informa\u00e7\u00e3o \u00bb Erasmus + | Voluntariado It\u00e1lia [&hellip;]<\/p>\n","protected":false},"author":1,"featured_media":0,"parent":0,"menu_order":0,"comment_status":"closed","ping_status":"closed","template":"","meta":[],"_links":{"self":[{"href":"https:\/\/solidariedarte.pt\/index.php\/wp-json\/wp\/v2\/pages\/223"}],"collection":[{"href":"https:\/\/solidariedarte.pt\/index.php\/wp-json\/wp\/v2\/pages"}],"about":[{"href":"https:\/\/solidariedarte.pt\/index.php\/wp-json\/wp\/v2\/types\/page"}],"author":[{"embeddable":true,"href":"https:\/\/solidariedarte.pt\/index.php\/wp-json\/wp\/v2\/users\/1"}],"replies":[{"embeddable":true,"href":"https:\/\/solidariedarte.pt\/index.php\/wp-json\/wp\/v2\/comments?post=223"}],"version-history":[{"count":10,"href":"https:\/\/solidariedarte.pt\/index.php\/wp-json\/wp\/v2\/pages\/223\/revisions"}],"predecessor-version":[{"id":275,"href":"https:\/\/solidariedarte.pt\/index.php\/wp-json\/wp\/v2\/pages\/223\/revisions\/275"}],"wp:attachment":[{"href":"https:\/\/solidariedarte.pt\/index.php\/wp-json\/wp\/v2\/media?parent=223"}],"curies":[{"name":"wp","href":"https:\/\/api.w.org\/{rel}","templated":true}]}}