{"id":226,"date":"2021-07-06T16:57:27","date_gmt":"2021-07-06T16:57:27","guid":{"rendered":"http:\/\/solidariedarte.pt\/?page_id=226"},"modified":"2021-07-06T16:57:27","modified_gmt":"2021-07-06T16:57:27","slug":"226-2","status":"publish","type":"page","link":"https:\/\/solidariedarte.pt\/index.php\/226-2\/","title":{"rendered":""},"content":{"rendered":"<p><strong>Erasmus + | Voluntariado Pol\u00f3nia | 2 meses | Despesas inclu\u00eddas<\/strong><\/p>\n<p>A Solidaried\u2019Arte procura volunt\u00e1rio(a), entre os 17 e os 30 anos, com interesse e motiva\u00e7\u00e3o para participar em projeto de voluntariado na Pol\u00f3nia, pelo per\u00edodo de 2 meses.<\/p>\n<p>Tens direito a viagem, alojamento, dinheiro de bolso, mesada para alimenta\u00e7\u00e3o e ainda uma bicicleta<\/p>\n<p>Podes come\u00e7ar em novembro 2019, fevereiro 2020, abril 2020 ou junho 2020.<\/p>\n<p>O projeto realiza-se na cidade de Rzesz\u00f3w, na organiza\u00e7\u00e3o International Projects Association \u201cINPRO\u201d e prev\u00ea atividades diversas, conforme os teus interesses:<\/p>\n<ul>\n<li>Desenvolvimento de workshops para jovens locais: apresenta\u00e7\u00e3o de pa\u00edses\/culturas; direitos humanos, oportunidades para jovens; voluntariado, etc;<\/li>\n<li>Visita a escolas para promo\u00e7\u00e3o do programa Erasmus+;<\/li>\n<li>Realiza\u00e7\u00e3o de programa de r\u00e1dio sobre juventude, cultura e educa\u00e7\u00e3o;<\/li>\n<li>Trabalho administrativo;<\/li>\n<li>Media;<\/li>\n<li>Fotografia;<\/li>\n<li>Filme;<\/li>\n<li>Escrita de artigos;<\/li>\n<li>Etc.<\/li>\n<\/ul>\n<p>Para mais informa\u00e7\u00f5es entra em contacto connosco:<\/p>\n<p><a href=\"mailto:Projetos.solidariedarte.acores@gmail.com\"><strong>projetos.solidariedarte.acores@gmail.com<\/strong><\/a><\/p>\n<p>N\u00e3o percas esta oportunidade!!!<\/p>\n<p>&nbsp;<\/p>\n<p><img loading=\"lazy\" class=\"alignleft size-full wp-image-227\" src=\"https:\/\/solidariedarte.pt\/wp-content\/uploads\/2021\/07\/1-12.jpg\" alt=\"\" width=\"150\" height=\"150\" \/> <img loading=\"lazy\" class=\"alignleft size-full wp-image-228\" src=\"https:\/\/solidariedarte.pt\/wp-content\/uploads\/2021\/07\/2-12.jpg\" alt=\"\" width=\"150\" height=\"150\" \/> <img loading=\"lazy\" class=\"alignleft size-full wp-image-229\" src=\"https:\/\/solidariedarte.pt\/wp-content\/uploads\/2021\/07\/3-8.jpg\" alt=\"\" width=\"150\" height=\"150\" \/> <img loading=\"lazy\" class=\"alignleft size-full wp-image-230\" src=\"https:\/\/solidariedarte.pt\/wp-content\/uploads\/2021\/07\/4-5.jpg\" alt=\"\" width=\"150\" height=\"150\" \/><\/p>\n","protected":false},"excerpt":{"rendered":"<p>Erasmus + | Voluntariado Pol\u00f3nia | 2 meses | Despesas inclu\u00eddas A Solidaried\u2019Arte procura volunt\u00e1rio(a), entre os 17 e os 30 anos, com interesse e motiva\u00e7\u00e3o para participar em projeto de voluntariado na Pol\u00f3nia, pelo per\u00edodo de 2 meses. Tens direito a viagem, alojamento, dinheiro de bolso, mesada para alimenta\u00e7\u00e3o e ainda uma bicicleta Podes [&hellip;]<\/p>\n","protected":false},"author":1,"featured_media":0,"parent":0,"menu_order":0,"comment_status":"closed","ping_status":"closed","template":"","meta":[],"_links":{"self":[{"href":"https:\/\/solidariedarte.pt\/index.php\/wp-json\/wp\/v2\/pages\/226"}],"collection":[{"href":"https:\/\/solidariedarte.pt\/index.php\/wp-json\/wp\/v2\/pages"}],"about":[{"href":"https:\/\/solidariedarte.pt\/index.php\/wp-json\/wp\/v2\/types\/page"}],"author":[{"embeddable":true,"href":"https:\/\/solidariedarte.pt\/index.php\/wp-json\/wp\/v2\/users\/1"}],"replies":[{"embeddable":true,"href":"https:\/\/solidariedarte.pt\/index.php\/wp-json\/wp\/v2\/comments?post=226"}],"version-history":[{"count":1,"href":"https:\/\/solidariedarte.pt\/index.php\/wp-json\/wp\/v2\/pages\/226\/revisions"}],"predecessor-version":[{"id":231,"href":"https:\/\/solidariedarte.pt\/index.php\/wp-json\/wp\/v2\/pages\/226\/revisions\/231"}],"wp:attachment":[{"href":"https:\/\/solidariedarte.pt\/index.php\/wp-json\/wp\/v2\/media?parent=226"}],"curies":[{"name":"wp","href":"https:\/\/api.w.org\/{rel}","templated":true}]}}