{"id":23,"date":"2021-07-01T11:38:41","date_gmt":"2021-07-01T11:38:41","guid":{"rendered":"http:\/\/solidariedarte.pt\/?page_id=23"},"modified":"2025-05-13T11:34:01","modified_gmt":"2025-05-13T11:34:01","slug":"planos-e-relatorios","status":"publish","type":"page","link":"https:\/\/solidariedarte.pt\/index.php\/planos-e-relatorios\/","title":{"rendered":"Planos e Relat\u00f3rios"},"content":{"rendered":"<p>\u00a0<\/p>\n<p><a href=\"https:\/\/solidariedarte.pt\/wp-content\/uploads\/2025\/05\/Relatorio-e-Contas-2024.pdf\" target=\"_blank\" rel=\"noopener\">Relat\u00f3rio e Contas 2024<\/a><\/p>\n<p><a href=\"https:\/\/solidariedarte.pt\/wp-content\/uploads\/2024\/06\/Acta-35-AG-RC-2023.pdf\" target=\"_blank\" rel=\"noopener\">Relat\u00f3rio e Contas 2023<\/a><\/p>\n<p><a href=\"https:\/\/solidariedarte.pt\/wp-content\/uploads\/2023\/05\/Acta33-AG_30052023141921.pdf\" target=\"_blank\" rel=\"noopener\">Relat\u00f3rio e Contas 2022<\/a><\/p>\n<p><a href=\"https:\/\/solidariedarte.pt\/wp-content\/uploads\/2022\/06\/acta-31-ag-Signed-01-.pdf\" target=\"_blank\" rel=\"noopener\">Relat\u00f3rio e Contas 2021<\/a><\/p>\n<p><a href=\"https:\/\/solidariedarte.pt\/wp-content\/uploads\/2021\/07\/Rc2020_08062021122440.pdf\" target=\"_blank\" rel=\"noopener\">Relat\u00f3rio e Contas 2020<\/a><\/p>\n<p><a href=\"https:\/\/solidariedarte.pt\/wp-content\/uploads\/2021\/07\/Rc2019_08062021122324.pdf\" target=\"_blank\" rel=\"noopener\">Relat\u00f3rio e Contas 2019<\/a><\/p>\n<p><a href=\"https:\/\/solidariedarte.pt\/wp-content\/uploads\/2021\/07\/Rc2018_08062021122202-1.pdf\" target=\"_blank\" rel=\"noopener\">Relat\u00f3rio e Contas 2018<\/a><\/p>\n<p>\u00a0<\/p>\n\n\n<p><\/p>\n","protected":false},"excerpt":{"rendered":"<p>\u00a0 Relat\u00f3rio e Contas 2024 Relat\u00f3rio e Contas 2023 Relat\u00f3rio e Contas 2022 Relat\u00f3rio e Contas 2021 Relat\u00f3rio e Contas 2020 Relat\u00f3rio e Contas 2019 Relat\u00f3rio e Contas 2018 \u00a0<\/p>\n","protected":false},"author":1,"featured_media":0,"parent":0,"menu_order":0,"comment_status":"closed","ping_status":"closed","template":"","meta":[],"_links":{"self":[{"href":"https:\/\/solidariedarte.pt\/index.php\/wp-json\/wp\/v2\/pages\/23"}],"collection":[{"href":"https:\/\/solidariedarte.pt\/index.php\/wp-json\/wp\/v2\/pages"}],"about":[{"href":"https:\/\/solidariedarte.pt\/index.php\/wp-json\/wp\/v2\/types\/page"}],"author":[{"embeddable":true,"href":"https:\/\/solidariedarte.pt\/index.php\/wp-json\/wp\/v2\/users\/1"}],"replies":[{"embeddable":true,"href":"https:\/\/solidariedarte.pt\/index.php\/wp-json\/wp\/v2\/comments?post=23"}],"version-history":[{"count":10,"href":"https:\/\/solidariedarte.pt\/index.php\/wp-json\/wp\/v2\/pages\/23\/revisions"}],"predecessor-version":[{"id":339,"href":"https:\/\/solidariedarte.pt\/index.php\/wp-json\/wp\/v2\/pages\/23\/revisions\/339"}],"wp:attachment":[{"href":"https:\/\/solidariedarte.pt\/index.php\/wp-json\/wp\/v2\/media?parent=23"}],"curies":[{"name":"wp","href":"https:\/\/api.w.org\/{rel}","templated":true}]}}