{"id":236,"date":"2021-07-06T17:01:16","date_gmt":"2021-07-06T17:01:16","guid":{"rendered":"http:\/\/solidariedarte.pt\/?page_id=236"},"modified":"2021-07-06T17:01:16","modified_gmt":"2021-07-06T17:01:16","slug":"236-2","status":"publish","type":"page","link":"https:\/\/solidariedarte.pt\/index.php\/236-2\/","title":{"rendered":""},"content":{"rendered":"<p style=\"background: white; margin: 0cm 0cm 7.5pt 0cm;\"><strong><span style=\"font-family: 'Roboto Condensed'; color: #404040;\">A Solidaried\u2019arte procura 2 volunt\u00e1rios(as) para integrar projeto Erasmus+ em Espanha, com idade entre os 18 anos e os 28 anos.<\/span><\/strong><\/p>\n<p style=\"background: white; margin: 0cm 0cm 7.5pt 0cm;\"><strong><span style=\"font-family: 'Roboto Condensed'; color: #404040;\">O projeto\u00a0decorrer\u00e1 em Madrid entre os dias 30\/08\/2019 e 07\/09\/2019. Se est\u00e1s interessado(a) contata-nos!<\/span><\/strong><\/p>\n<p style=\"background: white; margin: 0cm 0cm 7.5pt 0cm;\"><span style=\"font-family: 'Roboto Condensed'; color: #404040;\">Pa\u00edses envolvidos: Espanha, It\u00e1lia, Portugal, Gr\u00e9cia, Ucr\u00e2nia, S\u00e9rvia.<\/span><\/p>\n<p style=\"background: white; margin: 0cm 0cm 7.5pt 0cm;\"><span style=\"font-family: 'Roboto Condensed'; color: #404040;\">Viagens, comida e alojamento s\u00e3o cobertos por Erasmus+.<\/span><\/p>\n<p style=\"background: white; margin: 0cm 0cm 7.5pt 0cm;\"><span style=\"font-family: 'Roboto Condensed'; color: #404040;\">\u00a0<\/span><\/p>\n<p style=\"background: white; margin: 0cm 0cm 7.5pt 0cm;\"><span style=\"font-family: 'Roboto Condensed'; color: #404040;\">Sobre o Projeto:<\/span><\/p>\n<p style=\"background: white; margin: 0cm 0cm 7.5pt 0cm;\"><span style=\"font-family: 'Roboto Condensed'; color: #404040;\">Este projeto \u00e9 dedicado aos jovens, que depois de terminar a sua forma\u00e7\u00e3o t\u00eam dificuldades em encontrar um trabalho dentro da sua \u00e1rea de estudo.\u00a0\u00a0Este assunto foi escolhido porque depois de ler v\u00e1rios estudos da UE, foi descoberto que este grupo de jovens tem um alto risco de ser exclu\u00eddo do mercado de trabalho. Este projeto serve para que\u00a0aos participantes seja feita uma compreens\u00e3o de que ao melhorar as suas habilidades, seja poss\u00edvel a facilidade de encontrar um futuro emprego.<\/span><\/p>\n<p style=\"background: white; margin: 0cm 0cm 7.5pt 0cm;\"><span style=\"font-family: 'Roboto Condensed'; color: #404040;\">Todas as atividades deste projeto s\u00e3o baseadas em uma variedade de m\u00e9todos n\u00e3o formais (jogos, teambuildings, m\u00e9todos visuais, compet\u00eancias, jogos, trabalho em grupo, debates), estruturados para satisfazer as necessidades dos participantes. Aprender\u00e3o a analisar as suas paix\u00f5es e identificar o que querem fazer. Aprender tamb\u00e9m a criar as suas cartas de motiva\u00e7\u00e3o, Europass CV, v\u00eddeo CV, experimentar diferentes m\u00e9todos para solicitar trabalho, melhorar a sua Auto-estima e habilidades de comunica\u00e7\u00e3o.<\/span><\/p>\n<p>&nbsp;<\/p>\n<p><img loading=\"lazy\" class=\"alignleft size-full wp-image-237\" src=\"https:\/\/solidariedarte.pt\/wp-content\/uploads\/2021\/07\/1-13.jpg\" alt=\"\" width=\"150\" height=\"150\" \/> <img loading=\"lazy\" class=\"alignleft size-full wp-image-238\" src=\"https:\/\/solidariedarte.pt\/wp-content\/uploads\/2021\/07\/2-13.jpg\" alt=\"\" width=\"150\" height=\"150\" \/> <img loading=\"lazy\" class=\"alignleft size-full wp-image-239\" src=\"https:\/\/solidariedarte.pt\/wp-content\/uploads\/2021\/07\/3-9.jpg\" alt=\"\" width=\"150\" height=\"150\" \/> <img loading=\"lazy\" class=\"alignleft size-full wp-image-240\" src=\"https:\/\/solidariedarte.pt\/wp-content\/uploads\/2021\/07\/4-6.jpg\" alt=\"\" width=\"150\" height=\"150\" \/><\/p>\n","protected":false},"excerpt":{"rendered":"<p>A Solidaried\u2019arte procura 2 volunt\u00e1rios(as) para integrar projeto Erasmus+ em Espanha, com idade entre os 18 anos e os 28 anos. O projeto\u00a0decorrer\u00e1 em Madrid entre os dias 30\/08\/2019 e 07\/09\/2019. Se est\u00e1s interessado(a) contata-nos! Pa\u00edses envolvidos: Espanha, It\u00e1lia, Portugal, Gr\u00e9cia, Ucr\u00e2nia, S\u00e9rvia. Viagens, comida e alojamento s\u00e3o cobertos por Erasmus+. \u00a0 Sobre o Projeto: [&hellip;]<\/p>\n","protected":false},"author":1,"featured_media":0,"parent":0,"menu_order":0,"comment_status":"closed","ping_status":"closed","template":"","meta":[],"_links":{"self":[{"href":"https:\/\/solidariedarte.pt\/index.php\/wp-json\/wp\/v2\/pages\/236"}],"collection":[{"href":"https:\/\/solidariedarte.pt\/index.php\/wp-json\/wp\/v2\/pages"}],"about":[{"href":"https:\/\/solidariedarte.pt\/index.php\/wp-json\/wp\/v2\/types\/page"}],"author":[{"embeddable":true,"href":"https:\/\/solidariedarte.pt\/index.php\/wp-json\/wp\/v2\/users\/1"}],"replies":[{"embeddable":true,"href":"https:\/\/solidariedarte.pt\/index.php\/wp-json\/wp\/v2\/comments?post=236"}],"version-history":[{"count":1,"href":"https:\/\/solidariedarte.pt\/index.php\/wp-json\/wp\/v2\/pages\/236\/revisions"}],"predecessor-version":[{"id":241,"href":"https:\/\/solidariedarte.pt\/index.php\/wp-json\/wp\/v2\/pages\/236\/revisions\/241"}],"wp:attachment":[{"href":"https:\/\/solidariedarte.pt\/index.php\/wp-json\/wp\/v2\/media?parent=236"}],"curies":[{"name":"wp","href":"https:\/\/api.w.org\/{rel}","templated":true}]}}