{"id":245,"date":"2021-07-06T17:03:37","date_gmt":"2021-07-06T17:03:37","guid":{"rendered":"http:\/\/solidariedarte.pt\/?page_id=245"},"modified":"2021-07-06T17:03:37","modified_gmt":"2021-07-06T17:03:37","slug":"245-2","status":"publish","type":"page","link":"https:\/\/solidariedarte.pt\/index.php\/245-2\/","title":{"rendered":""},"content":{"rendered":"<p><strong>URGENTE!!!<\/strong><\/p>\n<p><strong>A Solidaried\u2019arte procura 1 volunt\u00e1rio(a) para integrar projeto Erasmus+ em Espanha.<\/strong><\/p>\n<p><strong>O projeto arranca a 15 de junho. Se est\u00e1s interessado(a) contata-nos!<\/strong><\/p>\n<p>\u201cUnited in Diversity\u201d \u00e9 um projeto Erasmus+ com a dura\u00e7\u00e3o de 12 meses e ter\u00e1 lugar em Ciudad Real em Espanha.<\/p>\n<p>Tem como principais objetivos a promo\u00e7\u00e3o de valores europeus; dar a conhecer as institui\u00e7\u00f5es europeias e o seu modo de funcionamento; contribuir para a visibilidade de todos os pa\u00edses da Uni\u00e3o Europeia e a sua cultura; promover o Corpo Europeu de Solidariedade.<\/p>\n<p>Contribuir\u00e1 para desenvolver compet\u00eancias no \u00e2mbito do trabalho de equipa, intelig\u00eancia emocional, resolu\u00e7\u00e3o de conflitos e problemas<\/p>\n<p><a href=\"https:\/\/www.facebook.com\/United-in-diversity-1965977670319183\/\"><strong>https:\/\/www.facebook.com\/United-in-diversity-1965977670319183\/<\/strong><\/a><\/p>\n<p>Se tens entre 17 e 30 anos, desejas participar numa experi\u00eancia desafiante e \u00fanica, que alargar\u00e1 os teus horizontes e te possibilitar\u00e1 um desenvolvimento pessoal e profissional incompar\u00e1vel, ent\u00e3o esta poder\u00e1 ser uma oportunidade \u00e0 tua medida.<\/p>\n<p>Este projeto realiza-se no \u00e2mbito do Programa Erasmus+, pelo que tens direito: Viagens, alojamento, alimenta\u00e7\u00e3o e uma mesada.<\/p>\n<p>Se queres saber mais, n\u00e3o hesites! Entra em contato connosco.<\/p>\n<p>Email:\u00a0<a href=\"mailto:projetos.solidariedarte.acores@gmail.com\"><strong>projetos.solidariedarte.acores@gmail.com<\/strong><\/a><\/p>\n<p>Email geral:\u00a0<a href=\"mailto:solidariedarte.acores@gmail.com\"><strong>solidariedarte.acores@gmail.com<\/strong><\/a><\/p>\n<p>Telefone: 296\u00a0381\u00a0365<\/p>\n<p>&nbsp;<\/p>\n<p><img loading=\"lazy\" class=\"alignleft size-full wp-image-246\" src=\"https:\/\/solidariedarte.pt\/wp-content\/uploads\/2021\/07\/1-14.jpg\" alt=\"\" width=\"150\" height=\"150\" \/> <img loading=\"lazy\" class=\"alignleft size-full wp-image-247\" src=\"https:\/\/solidariedarte.pt\/wp-content\/uploads\/2021\/07\/2-14.jpg\" alt=\"\" width=\"150\" height=\"150\" \/> <img loading=\"lazy\" class=\"alignleft size-full wp-image-248\" src=\"https:\/\/solidariedarte.pt\/wp-content\/uploads\/2021\/07\/3-10.jpg\" alt=\"\" width=\"150\" height=\"150\" \/> <img loading=\"lazy\" class=\"alignleft size-full wp-image-249\" src=\"https:\/\/solidariedarte.pt\/wp-content\/uploads\/2021\/07\/4-7.jpg\" alt=\"\" width=\"150\" height=\"150\" \/><\/p>\n","protected":false},"excerpt":{"rendered":"<p>URGENTE!!! A Solidaried\u2019arte procura 1 volunt\u00e1rio(a) para integrar projeto Erasmus+ em Espanha. O projeto arranca a 15 de junho. Se est\u00e1s interessado(a) contata-nos! \u201cUnited in Diversity\u201d \u00e9 um projeto Erasmus+ com a dura\u00e7\u00e3o de 12 meses e ter\u00e1 lugar em Ciudad Real em Espanha. Tem como principais objetivos a promo\u00e7\u00e3o de valores europeus; dar a [&hellip;]<\/p>\n","protected":false},"author":1,"featured_media":0,"parent":0,"menu_order":0,"comment_status":"closed","ping_status":"closed","template":"","meta":[],"_links":{"self":[{"href":"https:\/\/solidariedarte.pt\/index.php\/wp-json\/wp\/v2\/pages\/245"}],"collection":[{"href":"https:\/\/solidariedarte.pt\/index.php\/wp-json\/wp\/v2\/pages"}],"about":[{"href":"https:\/\/solidariedarte.pt\/index.php\/wp-json\/wp\/v2\/types\/page"}],"author":[{"embeddable":true,"href":"https:\/\/solidariedarte.pt\/index.php\/wp-json\/wp\/v2\/users\/1"}],"replies":[{"embeddable":true,"href":"https:\/\/solidariedarte.pt\/index.php\/wp-json\/wp\/v2\/comments?post=245"}],"version-history":[{"count":1,"href":"https:\/\/solidariedarte.pt\/index.php\/wp-json\/wp\/v2\/pages\/245\/revisions"}],"predecessor-version":[{"id":250,"href":"https:\/\/solidariedarte.pt\/index.php\/wp-json\/wp\/v2\/pages\/245\/revisions\/250"}],"wp:attachment":[{"href":"https:\/\/solidariedarte.pt\/index.php\/wp-json\/wp\/v2\/media?parent=245"}],"curies":[{"name":"wp","href":"https:\/\/api.w.org\/{rel}","templated":true}]}}