{"id":269,"date":"2021-07-06T17:09:09","date_gmt":"2021-07-06T17:09:09","guid":{"rendered":"http:\/\/solidariedarte.pt\/?page_id=269"},"modified":"2021-07-06T17:09:09","modified_gmt":"2021-07-06T17:09:09","slug":"269-2","status":"publish","type":"page","link":"https:\/\/solidariedarte.pt\/index.php\/269-2\/","title":{"rendered":""},"content":{"rendered":"<p><strong>A Solidaried\u2019arte procura 1 volunt\u00e1rio(a) para integrar projeto Erasmus+ na Eslov\u00e9nia.<\/strong><\/p>\n<p><strong>Candidaturas at\u00e9 5 de mar\u00e7o de 2018!<\/strong><\/p>\n<p>Tens entre 17 e 30 anos, desejas participar numa experi\u00eancia desafiante e \u00fanica, que alargar\u00e1 os teus horizontes e te possibilitar\u00e1 um desenvolvimento pessoal e profissional incompar\u00e1vel, ent\u00e3o esta poder\u00e1 ser uma oportunidade \u00e0 tua medida.<\/p>\n<p>Procuramos por um(a) volunt\u00e1rio(a) que tenha interesse na \u00e1rea das artes, para integrar o projecto Erasmus+ Play &amp; Gain, na Eslov\u00e9nia, pelo per\u00edodo de 12 meses.<\/p>\n<p>Este projeto realiza-se no \u00e2mbito do Programa Erasmus+, pelo que tens direito: Viagens, alojamento, alimenta\u00e7\u00e3o e uma mesada.<\/p>\n<p>Se queres saber mais, n\u00e3o hesites! Entra em contato connosco.<\/p>\n<p>Email:\u00a0<a href=\"mailto:projetos.solidariedarte.acores@gmail.com\"><strong>projetos.solidariedarte.acores@gmail.com<\/strong><\/a><\/p>\n<p>Email geral:\u00a0<a href=\"mailto:solidariedarte.acores@gmail.com\"><strong>solidariedarte.acores@gmail.com<\/strong><\/a><\/p>\n<p>Telefone: 296\u00a0381 365<\/p>\n<p>&nbsp;<\/p>\n<p><img loading=\"lazy\" class=\"alignleft size-full wp-image-270\" src=\"https:\/\/solidariedarte.pt\/wp-content\/uploads\/2021\/07\/1-16.jpg\" alt=\"\" width=\"150\" height=\"150\" \/> <img loading=\"lazy\" class=\"alignleft size-full wp-image-271\" src=\"https:\/\/solidariedarte.pt\/wp-content\/uploads\/2021\/07\/2-16.jpg\" alt=\"\" width=\"150\" height=\"150\" \/> <img loading=\"lazy\" class=\"alignleft size-full wp-image-272\" src=\"https:\/\/solidariedarte.pt\/wp-content\/uploads\/2021\/07\/3-13.jpg\" alt=\"\" width=\"150\" height=\"150\" \/><\/p>\n","protected":false},"excerpt":{"rendered":"<p>A Solidaried\u2019arte procura 1 volunt\u00e1rio(a) para integrar projeto Erasmus+ na Eslov\u00e9nia. Candidaturas at\u00e9 5 de mar\u00e7o de 2018! Tens entre 17 e 30 anos, desejas participar numa experi\u00eancia desafiante e \u00fanica, que alargar\u00e1 os teus horizontes e te possibilitar\u00e1 um desenvolvimento pessoal e profissional incompar\u00e1vel, ent\u00e3o esta poder\u00e1 ser uma oportunidade \u00e0 tua medida. Procuramos [&hellip;]<\/p>\n","protected":false},"author":1,"featured_media":0,"parent":0,"menu_order":0,"comment_status":"closed","ping_status":"closed","template":"","meta":[],"_links":{"self":[{"href":"https:\/\/solidariedarte.pt\/index.php\/wp-json\/wp\/v2\/pages\/269"}],"collection":[{"href":"https:\/\/solidariedarte.pt\/index.php\/wp-json\/wp\/v2\/pages"}],"about":[{"href":"https:\/\/solidariedarte.pt\/index.php\/wp-json\/wp\/v2\/types\/page"}],"author":[{"embeddable":true,"href":"https:\/\/solidariedarte.pt\/index.php\/wp-json\/wp\/v2\/users\/1"}],"replies":[{"embeddable":true,"href":"https:\/\/solidariedarte.pt\/index.php\/wp-json\/wp\/v2\/comments?post=269"}],"version-history":[{"count":1,"href":"https:\/\/solidariedarte.pt\/index.php\/wp-json\/wp\/v2\/pages\/269\/revisions"}],"predecessor-version":[{"id":273,"href":"https:\/\/solidariedarte.pt\/index.php\/wp-json\/wp\/v2\/pages\/269\/revisions\/273"}],"wp:attachment":[{"href":"https:\/\/solidariedarte.pt\/index.php\/wp-json\/wp\/v2\/media?parent=269"}],"curies":[{"name":"wp","href":"https:\/\/api.w.org\/{rel}","templated":true}]}}