{"id":277,"date":"2021-07-06T17:15:06","date_gmt":"2021-07-06T17:15:06","guid":{"rendered":"http:\/\/solidariedarte.pt\/?page_id=277"},"modified":"2021-07-06T17:15:06","modified_gmt":"2021-07-06T17:15:06","slug":"voluntariado-testemunhos","status":"publish","type":"page","link":"https:\/\/solidariedarte.pt\/index.php\/voluntariado-testemunhos\/","title":{"rendered":"Voluntariado | Testemunhos"},"content":{"rendered":"<p style=\"text-align: center;\"><strong>EVS 2018\/2019<\/strong><\/p>\n<p style=\"text-align: center;\"><strong>Play &amp; Gain<\/strong><\/p>\n<p style=\"text-align: center;\"><strong>Eslov\u00e9nia<\/strong><\/p>\n<p>&nbsp;<\/p>\n<p><img loading=\"lazy\" class=\"alignleft size-full wp-image-278\" src=\"https:\/\/solidariedarte.pt\/wp-content\/uploads\/2021\/07\/6.png\" alt=\"\" width=\"259\" height=\"300\" \/><\/p>\n<p><strong><em>Maio 2018\u00a0 \u00a0<\/em><\/strong><\/p>\n<p>As pessoas, as \u00e1guas cristalinas e os feriados a dobrar!<\/p>\n<p>Depois de um m\u00eas na Eslov\u00eania, j\u00e1 posso revelar o meu TOP3: as pessoas, com certeza! O povo esloveno \u00e9 naturalmente gentil e aberto. Sinto-me inspirada pelas pessoas que vou conhecendo por serem t\u00e3o ativas e saud\u00e1veis, mas o que mais me impressiona \u00e9 a sua hospitabilidade. Eles querem que te sintas em casa, que te sintas bem. Sei que as generaliza\u00e7\u00f5es podem ser perigosas, mas at\u00e9 agora s\u00f3\u00a0 tive encontros agrad\u00e1veis.<\/p>\n<p>Para al\u00e9m das pessoas, tamb\u00e9m posso dizer que me apaixonei pelas \u00e1guas cristalinas que me t\u00eam passado pelos olhos.\u00a0 Andaria milhas e milhas ao lado destas \u00e1guas sem nunca me cansar do percurso. De facto, j\u00e1 dei a volta ao lago Bohinj, que s\u00e3o mais ou menos 13km e foi maravilhoso. \u00c9 um lugar muito tranquilo e ainda bastante selvagem. \u00c9 o maior lago permanente da Eslov\u00eania e \u00e9 um lago glacial localizado nos Alpes Julianos. Durante o passeio imaginei-me v\u00e1rias vezes a tomar banhos naquelas \u00e1guas revigorantes e refrescantes mas por enquanto a \u00e1gua estava fria demais.<\/p>\n<p>A \u00faltima coisa que escolhi para a minha lista s\u00e3o os feriados a dobrar: aqui t\u00eam feriados nos dias 1 e 2 de maio (dia do trabalhador); 25 e 26 de dezembro, sendo que o dia 26 \u00e9 um feriado diferente e n\u00e3o um duplicado, mas ainda assim aprecio o acaso de terem dois feriados seguidos na ep\u00f3ca natal\u00edcia. Dia 26 de Dezembro de 1990 foi o dia o dia em que se deu a vit\u00f3ria num referendo relativo \u00e0 indeped\u00eancia da Eslov\u00e9nia. \u00a0E tamb\u00e9m o feriado de 1 e 2 de janeiro. Parece-me uma boa pol\u00edtica ter um dia de descanso depois da agita\u00e7\u00e3o do feriado.<\/p>\n<p>Esta experi\u00eancia est\u00e1 a ser muito boa para mim e o trabalho \u00e9 tudo o que eu imaginei: tenho a oportunidade de prop\u00f4r coisas e apreciam que tomemos a iniciativa e que sejamos aut\u00f3nomas, ao mesmo tempo que nos d\u00e3o todo o apoio para que possamos desenvolver ferramentas que complementem o nosso trabalho.<\/p>\n<p>Eu estou a aprender muito com as pessoas que est\u00e3o a entrar na minha vida porque elas realmente me estimulam para que eu tenha uma vida mais ativa.\u00a0 Parece que agora \u00e9 a fase ideal para dar corpo ao ditado \u201cn\u00e3o deixes para amanh\u00e3 o que podes fazer hoje\u201d, dado que esta \u00e9 a altura de materializar ideias, desenvolver compet\u00eancias e consolidar aprendizagens.<\/p>\n<p>J\u00e1 descobri o meu vinho preferido de Brezice (sendo que esta \u00e9 uma terra com vinhas). \u00c9 um vinho chamado Stella com um leve toque de p\u00eassego. Combina\u00e7\u00e3o perfeita. Tamb\u00e9m j\u00e1 comecei as aulas de Esloveno:\u00a0<em>Jaz sem Mariana in stara sem 24 let. Jaz \u017eivim in delam v Bre\u017eice<\/em>. \u00c9 uma l\u00edngua dificil, mas estou entusiasmada com esta nova aprendizagem.<\/p>\n<p>Est\u00e1 tudo a ir como previsto. Estou a descobrir uma l\u00edngua nova, um pa\u00eds novo, pessoas novas e estou a apreciar cada momento. J\u00e1 tenho saudades de casa, mas a ideia da transforma\u00e7\u00e3o atrav\u00e9s desta experi\u00eancia atenua o sofrimento inerente ao facto de estar longe do \u201ccolo\u201d.<\/p>\n<p>&nbsp;<\/p>\n<p><strong><em>Abril 2018<\/em><\/strong><\/p>\n<p>Mariana Medeiros \u00e9 natural de S\u00e3o Miguel tem 23 anos, licenciada em Teatro e muito em breve volunt\u00e1ria europeia.<\/p>\n<p>A Solidaried\u2019arte lan\u00e7ou o desafio aos jovens com interesse nas artes e a Mariana foi selecionada pelo nosso parceiro esloveno ZPTM, para integrar o projeto de voluntariado Erasmus + Play &amp; Gain.<\/p>\n<p>Ir\u00e1 partir para a Eslov\u00e9nia, onde ir\u00e1 participar num projeto de voluntariado por 12 meses. Apaixonada pelas artes, encontrou no programa Erasmus+ uma oportunidade de crescimento profissional e pessoal.<\/p>\n<p>A poucas semanas da sua partida, perguntamos-lhe quais s\u00e3o as suas expectativas para este desafio:<\/p>\n<p>\u201cEstou \u00e0 espera que este desafio me permita crescer de uma forma mais completa e solid\u00e1ria. Espero poder inspirar-me na interculturalidade inerente a esta experi\u00eancia e criar momentos memor\u00e1veis com aqueles que ir\u00e3o partilhar este ano comigo. Espero desenvolver os m\u00e9todos de educa\u00e7\u00e3o n\u00e3o formal, de planeamento e organiza\u00e7\u00e3o de projectos, de modo a que eles constituam uma mais valia tanto a n\u00edvel profissional como pessoal. Espero deixar de estar \u00e0 espera. Espero que as coisas que me aconte\u00e7am tenham um impacto maior em mim e um sentido na constru\u00e7\u00e3o do meu futuro.\u201d<\/p>\n<p>&nbsp;<\/p>\n<p><img loading=\"lazy\" class=\"alignleft size-full wp-image-279\" src=\"https:\/\/solidariedarte.pt\/wp-content\/uploads\/2021\/07\/1-4.png\" alt=\"\" width=\"136\" height=\"150\" \/> <img loading=\"lazy\" class=\"alignleft size-full wp-image-280\" src=\"https:\/\/solidariedarte.pt\/wp-content\/uploads\/2021\/07\/2-2.png\" alt=\"\" width=\"150\" height=\"150\" \/> <img loading=\"lazy\" class=\"alignleft size-full wp-image-281\" src=\"https:\/\/solidariedarte.pt\/wp-content\/uploads\/2021\/07\/3-2.png\" alt=\"\" width=\"150\" height=\"150\" \/> <img loading=\"lazy\" class=\"alignleft size-full wp-image-282\" src=\"https:\/\/solidariedarte.pt\/wp-content\/uploads\/2021\/07\/4.png\" alt=\"\" width=\"150\" height=\"150\" \/> <img loading=\"lazy\" class=\"alignleft size-full wp-image-283\" src=\"https:\/\/solidariedarte.pt\/wp-content\/uploads\/2021\/07\/5-1.png\" alt=\"\" width=\"150\" height=\"150\" \/><\/p>\n","protected":false},"excerpt":{"rendered":"<p>EVS 2018\/2019 Play &amp; Gain Eslov\u00e9nia &nbsp; Maio 2018\u00a0 \u00a0 As pessoas, as \u00e1guas cristalinas e os feriados a dobrar! Depois de um m\u00eas na Eslov\u00eania, j\u00e1 posso revelar o meu TOP3: as pessoas, com certeza! O povo esloveno \u00e9 naturalmente gentil e aberto. Sinto-me inspirada pelas pessoas que vou conhecendo por serem t\u00e3o ativas [&hellip;]<\/p>\n","protected":false},"author":1,"featured_media":0,"parent":0,"menu_order":0,"comment_status":"closed","ping_status":"closed","template":"","meta":[],"_links":{"self":[{"href":"https:\/\/solidariedarte.pt\/index.php\/wp-json\/wp\/v2\/pages\/277"}],"collection":[{"href":"https:\/\/solidariedarte.pt\/index.php\/wp-json\/wp\/v2\/pages"}],"about":[{"href":"https:\/\/solidariedarte.pt\/index.php\/wp-json\/wp\/v2\/types\/page"}],"author":[{"embeddable":true,"href":"https:\/\/solidariedarte.pt\/index.php\/wp-json\/wp\/v2\/users\/1"}],"replies":[{"embeddable":true,"href":"https:\/\/solidariedarte.pt\/index.php\/wp-json\/wp\/v2\/comments?post=277"}],"version-history":[{"count":1,"href":"https:\/\/solidariedarte.pt\/index.php\/wp-json\/wp\/v2\/pages\/277\/revisions"}],"predecessor-version":[{"id":284,"href":"https:\/\/solidariedarte.pt\/index.php\/wp-json\/wp\/v2\/pages\/277\/revisions\/284"}],"wp:attachment":[{"href":"https:\/\/solidariedarte.pt\/index.php\/wp-json\/wp\/v2\/media?parent=277"}],"curies":[{"name":"wp","href":"https:\/\/api.w.org\/{rel}","templated":true}]}}