{"id":287,"date":"2021-07-06T17:19:44","date_gmt":"2021-07-06T17:19:44","guid":{"rendered":"http:\/\/solidariedarte.pt\/?page_id=287"},"modified":"2021-07-06T17:19:44","modified_gmt":"2021-07-06T17:19:44","slug":"prorural-arde","status":"publish","type":"page","link":"https:\/\/solidariedarte.pt\/index.php\/prorural-arde\/","title":{"rendered":"Prorural + \/ ARDE"},"content":{"rendered":"<p>PRORURAL + \u00e9 o Programa para o Desenvolvimento Rural da Regi\u00e3o Aut\u00f3noma dos A\u00e7ores para o per\u00edodo de programa\u00e7\u00e3o 2014-2020. Poder\u00e1 consultar o programa na \u00edntegra em\u00a0<a href=\"http:\/\/proruralmais.azores.gov.pt\/Programa\"><strong>http:\/\/proruralmais.azores.gov.pt\/Programa.<\/strong><\/a><\/p>\n<p>A ARDE \u2013 Associa\u00e7\u00e3o Regional para o Desenvolvimento \u00e9 uma pessoa colectiva de direito privado sem fins lucrativos e tem por objecto a promo\u00e7\u00e3o do desenvolvimento econ\u00f3mico e social dos concelhos da sua \u00e1rea de actua\u00e7\u00e3o, atrav\u00e9s da dinamiza\u00e7\u00e3o de iniciativas pr\u00f3prias e apoio a projectos de promotores locais, em estreita coopera\u00e7\u00e3o com entidades de \u00e2mbito local, regional, nacional e internacional, segundo uma estrat\u00e9gia de interven\u00e7\u00e3o global e de valoriza\u00e7\u00e3o dos recursos locais.<\/p>\n","protected":false},"excerpt":{"rendered":"<p>PRORURAL + \u00e9 o Programa para o Desenvolvimento Rural da Regi\u00e3o Aut\u00f3noma dos A\u00e7ores para o per\u00edodo de programa\u00e7\u00e3o 2014-2020. Poder\u00e1 consultar o programa na \u00edntegra em\u00a0http:\/\/proruralmais.azores.gov.pt\/Programa. A ARDE \u2013 Associa\u00e7\u00e3o Regional para o Desenvolvimento \u00e9 uma pessoa colectiva de direito privado sem fins lucrativos e tem por objecto a promo\u00e7\u00e3o do desenvolvimento econ\u00f3mico e [&hellip;]<\/p>\n","protected":false},"author":1,"featured_media":0,"parent":0,"menu_order":0,"comment_status":"closed","ping_status":"closed","template":"","meta":[],"_links":{"self":[{"href":"https:\/\/solidariedarte.pt\/index.php\/wp-json\/wp\/v2\/pages\/287"}],"collection":[{"href":"https:\/\/solidariedarte.pt\/index.php\/wp-json\/wp\/v2\/pages"}],"about":[{"href":"https:\/\/solidariedarte.pt\/index.php\/wp-json\/wp\/v2\/types\/page"}],"author":[{"embeddable":true,"href":"https:\/\/solidariedarte.pt\/index.php\/wp-json\/wp\/v2\/users\/1"}],"replies":[{"embeddable":true,"href":"https:\/\/solidariedarte.pt\/index.php\/wp-json\/wp\/v2\/comments?post=287"}],"version-history":[{"count":1,"href":"https:\/\/solidariedarte.pt\/index.php\/wp-json\/wp\/v2\/pages\/287\/revisions"}],"predecessor-version":[{"id":288,"href":"https:\/\/solidariedarte.pt\/index.php\/wp-json\/wp\/v2\/pages\/287\/revisions\/288"}],"wp:attachment":[{"href":"https:\/\/solidariedarte.pt\/index.php\/wp-json\/wp\/v2\/media?parent=287"}],"curies":[{"name":"wp","href":"https:\/\/api.w.org\/{rel}","templated":true}]}}