{"id":291,"date":"2021-07-06T17:23:25","date_gmt":"2021-07-06T17:23:25","guid":{"rendered":"http:\/\/solidariedarte.pt\/?page_id=291"},"modified":"2021-07-06T17:29:15","modified_gmt":"2021-07-06T17:29:15","slug":"pars","status":"publish","type":"page","link":"https:\/\/solidariedarte.pt\/index.php\/pars\/","title":{"rendered":"PARS"},"content":{"rendered":"<h2 style=\"text-align: center;\"><strong>Projecto Cofinanciado<\/strong><\/h2>\n<p><img loading=\"lazy\" class=\"size-full wp-image-292 aligncenter\" src=\"https:\/\/solidariedarte.pt\/wp-content\/uploads\/2021\/07\/1-5.png\" alt=\"\" width=\"809\" height=\"111\" srcset=\"https:\/\/solidariedarte.pt\/wp-content\/uploads\/2021\/07\/1-5.png 809w, https:\/\/solidariedarte.pt\/wp-content\/uploads\/2021\/07\/1-5-300x41.png 300w, https:\/\/solidariedarte.pt\/wp-content\/uploads\/2021\/07\/1-5-768x105.png 768w\" sizes=\"(max-width: 809px) 100vw, 809px\" \/><\/p>\n<p>&nbsp;<\/p>\n<p><strong>O projecto PARS \u2013 Projecto de Aproveitamento de Recursos Solid\u00e1rios\u00a0<\/strong><\/p>\n<p>O projeto prev\u00ea, por um lado, a cria\u00e7\u00e3o de um espa\u00e7o para a recolha de bens sob a forma de donativos e, por outro, a sensibiliza\u00e7\u00e3o dos mais jovens para a prote\u00e7\u00e3o ambiental.<\/p>\n<p>Assim, pretende-se criar espa\u00e7os localizados estrategicamente nas localidades, atrav\u00e9s de contentores pr\u00f3prios, onde poder\u00e3o ser depositados, sob a forma de donativos, certos bens, nomeadamente roupas, sapatos, brinquedos, acess\u00f3rios, etc, que s\u00e3o posteriormente submetidos a um processo de triagem, tratamento e armazenamento, sendo colocados \u00e0 disposi\u00e7\u00e3o da popula\u00e7\u00e3o atrav\u00e9s de diferentes iniciativas e parcerias com as C\u00e2maras Municipais, Juntas de Freguesia, IPSS e outros organismos p\u00fablicos.<\/p>\n<p>Os bens doados que n\u00e3o possu\u00edrem condi\u00e7\u00f5es para serem (re)utilizados pela popula\u00e7\u00e3o ser\u00e3o transformados\/reciclados sendo utilizados para fins de retrosaria, ferragens e tecidos para elabora\u00e7\u00e3o de pe\u00e7as.<\/p>\n<p>Por outro lado, o projeto tem uma vertente de sensibiliza\u00e7\u00e3o, nomeadamente junto dos mais jovens, para a necessidade de proteger o meio ambiente, quer seja atrav\u00e9s da reutiliza\u00e7\u00e3o das roupas, sapatos, acess\u00f3rios, quer seja ao n\u00edvel da redu\u00e7\u00e3o dos res\u00edduos, revestindo-se ainda de uma vertente social, na medida em que visa sensibilizar os mais jovens para a necessidade de ceder bens aos mais desfavorecidos, focando a tem\u00e1tica da solidariedade e ajuda ao pr\u00f3ximo. Esta sensibiliza\u00e7\u00e3o ser\u00e1 realizada por animadores externos, atrav\u00e9s de pe\u00e7as de teatro, que utilizar\u00e3o para o efeito roupas transformadas, apelando \u00e0 necessidade de ceder bens aos mais desfavorecidos.<\/p>\n<p>Deste modo, o projeto a implementar reveste-se de car\u00e1cter social e atua no \u00e2mbito da satisfa\u00e7\u00e3o das necessidades b\u00e1sicas da popula\u00e7\u00e3o s\u00f3cio e economicamente desfavorecida e em situa\u00e7\u00e3o de pobreza.<\/p>\n<p>Neste sentido, pretende-se criar espa\u00e7os f\u00edsicos para a recolha, tratamento, armazenamento, distribui\u00e7\u00e3o e transforma\u00e7\u00e3o de bens doados com vista \u00e0 sua distribui\u00e7\u00e3o junto da popula\u00e7\u00e3o mais desfavorecida.<\/p>\n<p>Pretende-se ainda, atrav\u00e9s de animadores culturais, sensibilizar as crian\u00e7as para a tem\u00e1tica do ambiente, necessidade de protege-lo e conserv\u00e1-lo, apelando \u00e0 necessidade de ceder bens aos mais desfavorecidos, de forma animada.<\/p>\n<p>Para tal, torna-se fulcral construir contentores e adquirir diversos equipamentos imprescind\u00edveis \u00e0 implementa\u00e7\u00e3o das atividades propostas, nomeadamente equipamentos de costura, equipamentos de transporte de roupa e maquinaria para se proceder \u00e0 transforma\u00e7\u00e3o dos bens.<\/p>\n<p>&nbsp;<\/p>\n","protected":false},"excerpt":{"rendered":"<p>Projecto Cofinanciado &nbsp; O projecto PARS \u2013 Projecto de Aproveitamento de Recursos Solid\u00e1rios\u00a0 O projeto prev\u00ea, por um lado, a cria\u00e7\u00e3o de um espa\u00e7o para a recolha de bens sob a forma de donativos e, por outro, a sensibiliza\u00e7\u00e3o dos mais jovens para a prote\u00e7\u00e3o ambiental. Assim, pretende-se criar espa\u00e7os localizados estrategicamente nas localidades, atrav\u00e9s [&hellip;]<\/p>\n","protected":false},"author":1,"featured_media":0,"parent":0,"menu_order":0,"comment_status":"closed","ping_status":"closed","template":"","meta":[],"_links":{"self":[{"href":"https:\/\/solidariedarte.pt\/index.php\/wp-json\/wp\/v2\/pages\/291"}],"collection":[{"href":"https:\/\/solidariedarte.pt\/index.php\/wp-json\/wp\/v2\/pages"}],"about":[{"href":"https:\/\/solidariedarte.pt\/index.php\/wp-json\/wp\/v2\/types\/page"}],"author":[{"embeddable":true,"href":"https:\/\/solidariedarte.pt\/index.php\/wp-json\/wp\/v2\/users\/1"}],"replies":[{"embeddable":true,"href":"https:\/\/solidariedarte.pt\/index.php\/wp-json\/wp\/v2\/comments?post=291"}],"version-history":[{"count":2,"href":"https:\/\/solidariedarte.pt\/index.php\/wp-json\/wp\/v2\/pages\/291\/revisions"}],"predecessor-version":[{"id":307,"href":"https:\/\/solidariedarte.pt\/index.php\/wp-json\/wp\/v2\/pages\/291\/revisions\/307"}],"wp:attachment":[{"href":"https:\/\/solidariedarte.pt\/index.php\/wp-json\/wp\/v2\/media?parent=291"}],"curies":[{"name":"wp","href":"https:\/\/api.w.org\/{rel}","templated":true}]}}