{"id":295,"date":"2021-07-06T17:24:30","date_gmt":"2021-07-06T17:24:30","guid":{"rendered":"http:\/\/solidariedarte.pt\/?page_id=295"},"modified":"2021-07-06T17:29:51","modified_gmt":"2021-07-06T17:29:51","slug":"pepi","status":"publish","type":"page","link":"https:\/\/solidariedarte.pt\/index.php\/pepi\/","title":{"rendered":"PEPI"},"content":{"rendered":"<h2 style=\"text-align: center;\"><strong>Projecto Cofinanciado<\/strong><\/h2>\n<p><img loading=\"lazy\" class=\"size-full wp-image-292 aligncenter\" src=\"https:\/\/solidariedarte.pt\/wp-content\/uploads\/2021\/07\/1-5.png\" alt=\"\" width=\"809\" height=\"111\" srcset=\"https:\/\/solidariedarte.pt\/wp-content\/uploads\/2021\/07\/1-5.png 809w, https:\/\/solidariedarte.pt\/wp-content\/uploads\/2021\/07\/1-5-300x41.png 300w, https:\/\/solidariedarte.pt\/wp-content\/uploads\/2021\/07\/1-5-768x105.png 768w\" sizes=\"(max-width: 809px) 100vw, 809px\" \/><\/p>\n<p>&nbsp;<\/p>\n<p>O projeto PEPI \u2013 Projeto de Educa\u00e7\u00e3o e Preven\u00e7\u00e3o Prim\u00e1ria Integral para a Inf\u00e2ncia \u00e9 assim um projeto de interven\u00e7\u00e3o socioeducativa pela arte, atrav\u00e9s do teatro e da express\u00e3o dram\u00e1tica com marionetas de m\u00e3o, que desenvolve atividades com intuito de promover a inclus\u00e3o social e a aprendizagem, dirigido a crian\u00e7as em idade pr\u00e9-escolar e escolar. Este projeto abordar\u00e1 tem\u00e1ticas fundamentais para o desenvolvimento saud\u00e1vel e equilibrado do seu p\u00fablico-alvo, que s\u00e3o as crian\u00e7as. As tem\u00e1ticas a abordar ser\u00e3o adaptadas \u00e0s necessidades e especificidades do p\u00fablico-alvo e das comunidades a abranger, sendo que para cada tem\u00e1tica torna-se necess\u00e1rio conceber o tema, que implica a explora\u00e7\u00e3o da tem\u00e1tica a trabalhar por uma equipa multidisciplinar e de criativos, seguindo-se a respetiva execu\u00e7\u00e3o que compreende a encena\u00e7\u00e3o e, por fim, a avalia\u00e7\u00e3o que consiste na recolha de dados que permitam a acumula\u00e7\u00e3o de aprendizagens adquiridas pela pr\u00e1tica e suscet\u00edveis e reprodu\u00e7\u00e3o e ainda o levantamento de elementos de avalia\u00e7\u00e3o que permitam medir os resultados.<\/p>\n<p>&nbsp;<\/p>\n","protected":false},"excerpt":{"rendered":"<p>Projecto Cofinanciado &nbsp; O projeto PEPI \u2013 Projeto de Educa\u00e7\u00e3o e Preven\u00e7\u00e3o Prim\u00e1ria Integral para a Inf\u00e2ncia \u00e9 assim um projeto de interven\u00e7\u00e3o socioeducativa pela arte, atrav\u00e9s do teatro e da express\u00e3o dram\u00e1tica com marionetas de m\u00e3o, que desenvolve atividades com intuito de promover a inclus\u00e3o social e a aprendizagem, dirigido a crian\u00e7as em idade [&hellip;]<\/p>\n","protected":false},"author":1,"featured_media":0,"parent":0,"menu_order":0,"comment_status":"closed","ping_status":"closed","template":"","meta":[],"_links":{"self":[{"href":"https:\/\/solidariedarte.pt\/index.php\/wp-json\/wp\/v2\/pages\/295"}],"collection":[{"href":"https:\/\/solidariedarte.pt\/index.php\/wp-json\/wp\/v2\/pages"}],"about":[{"href":"https:\/\/solidariedarte.pt\/index.php\/wp-json\/wp\/v2\/types\/page"}],"author":[{"embeddable":true,"href":"https:\/\/solidariedarte.pt\/index.php\/wp-json\/wp\/v2\/users\/1"}],"replies":[{"embeddable":true,"href":"https:\/\/solidariedarte.pt\/index.php\/wp-json\/wp\/v2\/comments?post=295"}],"version-history":[{"count":2,"href":"https:\/\/solidariedarte.pt\/index.php\/wp-json\/wp\/v2\/pages\/295\/revisions"}],"predecessor-version":[{"id":308,"href":"https:\/\/solidariedarte.pt\/index.php\/wp-json\/wp\/v2\/pages\/295\/revisions\/308"}],"wp:attachment":[{"href":"https:\/\/solidariedarte.pt\/index.php\/wp-json\/wp\/v2\/media?parent=295"}],"curies":[{"name":"wp","href":"https:\/\/api.w.org\/{rel}","templated":true}]}}