{"id":300,"date":"2021-07-06T17:27:00","date_gmt":"2021-07-06T17:27:00","guid":{"rendered":"http:\/\/solidariedarte.pt\/?page_id=300"},"modified":"2021-07-06T17:27:00","modified_gmt":"2021-07-06T17:27:00","slug":"contactos-2","status":"publish","type":"page","link":"https:\/\/solidariedarte.pt\/index.php\/contactos-2\/","title":{"rendered":"Contactos"},"content":{"rendered":"<h3><strong>Solidaried\u2019arte \u2013 Associa\u00e7\u00e3o de Educa\u00e7\u00e3o e Integra\u00e7\u00e3o pela Arte e Desenvolvimento Cultural Social e Local<\/strong><\/h3>\n<p>&nbsp;<\/p>\n<p><strong>SEDE:<\/strong>\u00a0Rua Monsenhor Jos\u00e9 Baptista Ferreira, 23<br \/>\n9500-328 Ponta Delgada<br \/>\n<strong>Telf:\u00a0 \u00a0<\/strong><a href=\"tel:296%20381%20365\"><strong>296 381 365<\/strong><\/a>\u00a0 \u00a0<a href=\"tel:969%20699%20888\"><strong>969 699 888<\/strong><\/a><\/p>\n<p><strong>Geral:<\/strong>\u00a0solidariedarte.acores@gmail.com<\/p>\n<p><strong>Projetos:<\/strong>\u00a0projetos.solidariedarte.acores@gmail.com<\/p>\n<p><strong>Rela\u00e7\u00f5es P\u00fablicas e Institucionais:<\/strong>\u00a0rpri.solidariedarte.acores@gmail.com<\/p>\n<p>&nbsp;<\/p>\n<p><strong>Centro Multiactividades\/ TIC<\/strong><\/p>\n<p>Caminho do Pico do Funcho, Armaz\u00e9m n\u00ba 8<\/p>\n<p>9500-435 Faj\u00e3 de Baixo<\/p>\n<p><strong>Telf:\u00a0 \u00a0<\/strong><a href=\"tel:296%20382%20207\"><strong>296 382 207<\/strong><\/a><\/p>\n","protected":false},"excerpt":{"rendered":"<p>Solidaried\u2019arte \u2013 Associa\u00e7\u00e3o de Educa\u00e7\u00e3o e Integra\u00e7\u00e3o pela Arte e Desenvolvimento Cultural Social e Local &nbsp; SEDE:\u00a0Rua Monsenhor Jos\u00e9 Baptista Ferreira, 23 9500-328 Ponta Delgada Telf:\u00a0 \u00a0296 381 365\u00a0 \u00a0969 699 888 Geral:\u00a0solidariedarte.acores@gmail.com Projetos:\u00a0projetos.solidariedarte.acores@gmail.com Rela\u00e7\u00f5es P\u00fablicas e Institucionais:\u00a0rpri.solidariedarte.acores@gmail.com &nbsp; Centro Multiactividades\/ TIC Caminho do Pico do Funcho, Armaz\u00e9m n\u00ba 8 9500-435 Faj\u00e3 de Baixo Telf:\u00a0 [&hellip;]<\/p>\n","protected":false},"author":1,"featured_media":0,"parent":0,"menu_order":0,"comment_status":"closed","ping_status":"closed","template":"","meta":[],"_links":{"self":[{"href":"https:\/\/solidariedarte.pt\/index.php\/wp-json\/wp\/v2\/pages\/300"}],"collection":[{"href":"https:\/\/solidariedarte.pt\/index.php\/wp-json\/wp\/v2\/pages"}],"about":[{"href":"https:\/\/solidariedarte.pt\/index.php\/wp-json\/wp\/v2\/types\/page"}],"author":[{"embeddable":true,"href":"https:\/\/solidariedarte.pt\/index.php\/wp-json\/wp\/v2\/users\/1"}],"replies":[{"embeddable":true,"href":"https:\/\/solidariedarte.pt\/index.php\/wp-json\/wp\/v2\/comments?post=300"}],"version-history":[{"count":1,"href":"https:\/\/solidariedarte.pt\/index.php\/wp-json\/wp\/v2\/pages\/300\/revisions"}],"predecessor-version":[{"id":301,"href":"https:\/\/solidariedarte.pt\/index.php\/wp-json\/wp\/v2\/pages\/300\/revisions\/301"}],"wp:attachment":[{"href":"https:\/\/solidariedarte.pt\/index.php\/wp-json\/wp\/v2\/media?parent=300"}],"curies":[{"name":"wp","href":"https:\/\/api.w.org\/{rel}","templated":true}]}}