{"id":304,"date":"2021-07-06T17:28:04","date_gmt":"2021-07-06T17:28:04","guid":{"rendered":"http:\/\/solidariedarte.pt\/?page_id=304"},"modified":"2021-07-06T17:28:04","modified_gmt":"2021-07-06T17:28:04","slug":"rgpd","status":"publish","type":"page","link":"https:\/\/solidariedarte.pt\/index.php\/rgpd\/","title":{"rendered":"RGPD"},"content":{"rendered":"<h3 style=\"text-align: center;\"><strong>REGULAMENTO GERAL DE PROTEC\u00c7\u00c3O DE DADOS<\/strong><\/h3>\n<p>&nbsp;<\/p>\n<p>A partir de 25 de Maio de 2018 o Regimento Geral de Protec\u00e7\u00e3o de Dados entra em vigor, comportando s\u00e9rias altera\u00e7\u00f5es \u00e0 forma que os dados pessoais s\u00e3o recolhidos e tratados.<\/p>\n<p>Neste \u00e2mbito, e para assegurar a sua implementa\u00e7\u00e3o, a Solidaried\u2019arte designou Jo\u00e3o Oliveira como o seu DPO \u2013 Encarregado de Protec\u00e7\u00e3o de Dados, que se encarregar\u00e1, no que concerne aos dados pessoais:<\/p>\n<p>&nbsp;<\/p>\n<ol>\n<li>Tratar os dados de forma leal, transparente e l\u00edcita;<\/li>\n<li>Recolher os dados para finalidades determinadas, expl\u00edcitas e leg\u00edtimas, n\u00e3o podendo ser tratados de forma incompat\u00edvel com este fim\u00a0<em>a posteriori;<\/em><\/li>\n<li>Sejam adequados pertinentes e limitados ao que \u00e9 necess\u00e1rio relativamente \u00e0s finalidades para as quais s\u00e3o tratados;<\/li>\n<li>Exactos e actualizados sempre que necess\u00e1rio;<\/li>\n<li>Conservados de forma a que a identifica\u00e7\u00e3o dos titulares seja apenas permitida para as finalidades para as quais s\u00e3o tratados;<\/li>\n<li>Tratados com garantia de seguran\u00e7a, incluindo a protec\u00e7\u00e3o contra o seu tratamento n\u00e3o autorizado ou il\u00edcito, adequando as medidas t\u00e9cnicas ou organizativas adequadas.<\/li>\n<\/ol>\n","protected":false},"excerpt":{"rendered":"<p>REGULAMENTO GERAL DE PROTEC\u00c7\u00c3O DE DADOS &nbsp; A partir de 25 de Maio de 2018 o Regimento Geral de Protec\u00e7\u00e3o de Dados entra em vigor, comportando s\u00e9rias altera\u00e7\u00f5es \u00e0 forma que os dados pessoais s\u00e3o recolhidos e tratados. Neste \u00e2mbito, e para assegurar a sua implementa\u00e7\u00e3o, a Solidaried\u2019arte designou Jo\u00e3o Oliveira como o seu DPO [&hellip;]<\/p>\n","protected":false},"author":1,"featured_media":0,"parent":0,"menu_order":0,"comment_status":"closed","ping_status":"closed","template":"","meta":[],"_links":{"self":[{"href":"https:\/\/solidariedarte.pt\/index.php\/wp-json\/wp\/v2\/pages\/304"}],"collection":[{"href":"https:\/\/solidariedarte.pt\/index.php\/wp-json\/wp\/v2\/pages"}],"about":[{"href":"https:\/\/solidariedarte.pt\/index.php\/wp-json\/wp\/v2\/types\/page"}],"author":[{"embeddable":true,"href":"https:\/\/solidariedarte.pt\/index.php\/wp-json\/wp\/v2\/users\/1"}],"replies":[{"embeddable":true,"href":"https:\/\/solidariedarte.pt\/index.php\/wp-json\/wp\/v2\/comments?post=304"}],"version-history":[{"count":1,"href":"https:\/\/solidariedarte.pt\/index.php\/wp-json\/wp\/v2\/pages\/304\/revisions"}],"predecessor-version":[{"id":305,"href":"https:\/\/solidariedarte.pt\/index.php\/wp-json\/wp\/v2\/pages\/304\/revisions\/305"}],"wp:attachment":[{"href":"https:\/\/solidariedarte.pt\/index.php\/wp-json\/wp\/v2\/media?parent=304"}],"curies":[{"name":"wp","href":"https:\/\/api.w.org\/{rel}","templated":true}]}}