{"id":33,"date":"2021-07-01T11:50:28","date_gmt":"2021-07-01T11:50:28","guid":{"rendered":"http:\/\/solidariedarte.pt\/?page_id=33"},"modified":"2021-07-01T11:50:28","modified_gmt":"2021-07-01T11:50:28","slug":"atividades","status":"publish","type":"page","link":"https:\/\/solidariedarte.pt\/index.php\/atividades\/","title":{"rendered":"Atividades"},"content":{"rendered":"<p>A Solidaried\u2019arte \u00e9 uma Institui\u00e7\u00e3o Privada de Solidariedade Social e Associa\u00e7\u00e3o de Juventude, com estatuto de Utilidade P\u00fablica, fundada em 2008, que re\u00fane em torno da sua ac\u00e7\u00e3o diferentes formas de interven\u00e7\u00e3o, quer seja atrav\u00e9s da educa\u00e7\u00e3o\/integra\u00e7\u00e3o pela arte, utilizando as diferentes formas de express\u00e3o art\u00edstica, quer seja atrav\u00e9s da implementa\u00e7\u00e3o de estrat\u00e9gias de promo\u00e7\u00e3o de desenvolvimento pessoal e social. Seja qual for a op\u00e7\u00e3o de interven\u00e7\u00e3o utilizada, para os diferentes p\u00fablicos e diferentes problem\u00e1ticas, imp\u00f5e-se aquele que \u00e9 um dos principais objectivos da Solidaried\u2019arte: Promover juntos dos indiv\u00edduos e das comunidades o desenvolvimento de compet\u00eancias pessoais e sociais, bem como a descoberta de potencialidades que conduzam \u00e0 aquisi\u00e7\u00e3o de recursos que contribuam para a transforma\u00e7\u00e3o positiva, onde os indiv\u00edduos e\/ou as comunidades devem assumir o papel principal da sua pr\u00f3pria mudan\u00e7a e contribuir para o desenvolvimento dos outros.<\/p>\n","protected":false},"excerpt":{"rendered":"<p>A Solidaried\u2019arte \u00e9 uma Institui\u00e7\u00e3o Privada de Solidariedade Social e Associa\u00e7\u00e3o de Juventude, com estatuto de Utilidade P\u00fablica, fundada em 2008, que re\u00fane em torno da sua ac\u00e7\u00e3o diferentes formas de interven\u00e7\u00e3o, quer seja atrav\u00e9s da educa\u00e7\u00e3o\/integra\u00e7\u00e3o pela arte, utilizando as diferentes formas de express\u00e3o art\u00edstica, quer seja atrav\u00e9s da implementa\u00e7\u00e3o de estrat\u00e9gias de promo\u00e7\u00e3o [&hellip;]<\/p>\n","protected":false},"author":1,"featured_media":0,"parent":0,"menu_order":0,"comment_status":"closed","ping_status":"closed","template":"","meta":[],"_links":{"self":[{"href":"https:\/\/solidariedarte.pt\/index.php\/wp-json\/wp\/v2\/pages\/33"}],"collection":[{"href":"https:\/\/solidariedarte.pt\/index.php\/wp-json\/wp\/v2\/pages"}],"about":[{"href":"https:\/\/solidariedarte.pt\/index.php\/wp-json\/wp\/v2\/types\/page"}],"author":[{"embeddable":true,"href":"https:\/\/solidariedarte.pt\/index.php\/wp-json\/wp\/v2\/users\/1"}],"replies":[{"embeddable":true,"href":"https:\/\/solidariedarte.pt\/index.php\/wp-json\/wp\/v2\/comments?post=33"}],"version-history":[{"count":1,"href":"https:\/\/solidariedarte.pt\/index.php\/wp-json\/wp\/v2\/pages\/33\/revisions"}],"predecessor-version":[{"id":34,"href":"https:\/\/solidariedarte.pt\/index.php\/wp-json\/wp\/v2\/pages\/33\/revisions\/34"}],"wp:attachment":[{"href":"https:\/\/solidariedarte.pt\/index.php\/wp-json\/wp\/v2\/media?parent=33"}],"curies":[{"name":"wp","href":"https:\/\/api.w.org\/{rel}","templated":true}]}}