{"id":38,"date":"2021-07-01T11:53:56","date_gmt":"2021-07-01T11:53:56","guid":{"rendered":"http:\/\/solidariedarte.pt\/?page_id=38"},"modified":"2021-07-01T11:53:56","modified_gmt":"2021-07-01T11:53:56","slug":"centro-de-multiactividades","status":"publish","type":"page","link":"https:\/\/solidariedarte.pt\/index.php\/centro-de-multiactividades\/","title":{"rendered":"Centro de Multiactividades"},"content":{"rendered":"<p>O Centro de Multiactividades tem como objectivo desenvolver actividades atrav\u00e9s das diferentes express\u00f5es art\u00edsticas que promovam a educa\u00e7\u00e3o e a integra\u00e7\u00e3o dos indiv\u00edduos, bem como o desenvolvimento comunit\u00e1rio.<\/p>\n<p><img loading=\"lazy\" class=\"alignnone size-full wp-image-39 aligncenter\" src=\"https:\/\/solidariedarte.pt\/wp-content\/uploads\/2021\/07\/1.png\" alt=\"\" width=\"150\" height=\"150\" \/> <img loading=\"lazy\" class=\"alignnone size-medium wp-image-40 aligncenter\" src=\"https:\/\/solidariedarte.pt\/wp-content\/uploads\/2021\/07\/2.jpg\" alt=\"\" width=\"150\" height=\"150\" \/><\/p>\n","protected":false},"excerpt":{"rendered":"<p>O Centro de Multiactividades tem como objectivo desenvolver actividades atrav\u00e9s das diferentes express\u00f5es art\u00edsticas que promovam a educa\u00e7\u00e3o e a integra\u00e7\u00e3o dos indiv\u00edduos, bem como o desenvolvimento comunit\u00e1rio.<\/p>\n","protected":false},"author":1,"featured_media":0,"parent":0,"menu_order":0,"comment_status":"closed","ping_status":"closed","template":"","meta":[],"_links":{"self":[{"href":"https:\/\/solidariedarte.pt\/index.php\/wp-json\/wp\/v2\/pages\/38"}],"collection":[{"href":"https:\/\/solidariedarte.pt\/index.php\/wp-json\/wp\/v2\/pages"}],"about":[{"href":"https:\/\/solidariedarte.pt\/index.php\/wp-json\/wp\/v2\/types\/page"}],"author":[{"embeddable":true,"href":"https:\/\/solidariedarte.pt\/index.php\/wp-json\/wp\/v2\/users\/1"}],"replies":[{"embeddable":true,"href":"https:\/\/solidariedarte.pt\/index.php\/wp-json\/wp\/v2\/comments?post=38"}],"version-history":[{"count":1,"href":"https:\/\/solidariedarte.pt\/index.php\/wp-json\/wp\/v2\/pages\/38\/revisions"}],"predecessor-version":[{"id":41,"href":"https:\/\/solidariedarte.pt\/index.php\/wp-json\/wp\/v2\/pages\/38\/revisions\/41"}],"wp:attachment":[{"href":"https:\/\/solidariedarte.pt\/index.php\/wp-json\/wp\/v2\/media?parent=38"}],"curies":[{"name":"wp","href":"https:\/\/api.w.org\/{rel}","templated":true}]}}