{"id":51,"date":"2021-07-01T12:02:58","date_gmt":"2021-07-01T12:02:58","guid":{"rendered":"http:\/\/solidariedarte.pt\/?page_id=51"},"modified":"2021-07-01T12:02:58","modified_gmt":"2021-07-01T12:02:58","slug":"danca","status":"publish","type":"page","link":"https:\/\/solidariedarte.pt\/index.php\/danca\/","title":{"rendered":"Dan\u00e7a"},"content":{"rendered":"<p>O grupo de dan\u00e7a residente da Solidaried\u2019arte tem a denomina\u00e7\u00e3o Street Dancers e existe desde 2010, e dividido em 3 grupos:<\/p>\n<ul>\n<li style=\"list-style-type: none;\">\n<ul>\n<li>Juniores;<\/li>\n<li>S\u00e9niores;<\/li>\n<\/ul>\n<\/li>\n<\/ul>\n<p><img loading=\"lazy\" class=\"alignnone size-full wp-image-52 aligncenter\" src=\"https:\/\/solidariedarte.pt\/wp-content\/uploads\/2021\/07\/1-1.jpg\" alt=\"\" width=\"150\" height=\"150\" \/> <img loading=\"lazy\" class=\"alignnone size-medium wp-image-53 aligncenter\" src=\"https:\/\/solidariedarte.pt\/wp-content\/uploads\/2021\/07\/2-2.jpg\" alt=\"\" width=\"150\" height=\"150\" \/> <img loading=\"lazy\" class=\"alignnone size-medium wp-image-54 aligncenter\" src=\"https:\/\/solidariedarte.pt\/wp-content\/uploads\/2021\/07\/3.jpg\" alt=\"\" width=\"150\" height=\"150\" \/><\/p>\n","protected":false},"excerpt":{"rendered":"<p>O grupo de dan\u00e7a residente da Solidaried\u2019arte tem a denomina\u00e7\u00e3o Street Dancers e existe desde 2010, e dividido em 3 grupos: Juniores; S\u00e9niores;<\/p>\n","protected":false},"author":1,"featured_media":0,"parent":0,"menu_order":0,"comment_status":"closed","ping_status":"closed","template":"","meta":[],"_links":{"self":[{"href":"https:\/\/solidariedarte.pt\/index.php\/wp-json\/wp\/v2\/pages\/51"}],"collection":[{"href":"https:\/\/solidariedarte.pt\/index.php\/wp-json\/wp\/v2\/pages"}],"about":[{"href":"https:\/\/solidariedarte.pt\/index.php\/wp-json\/wp\/v2\/types\/page"}],"author":[{"embeddable":true,"href":"https:\/\/solidariedarte.pt\/index.php\/wp-json\/wp\/v2\/users\/1"}],"replies":[{"embeddable":true,"href":"https:\/\/solidariedarte.pt\/index.php\/wp-json\/wp\/v2\/comments?post=51"}],"version-history":[{"count":1,"href":"https:\/\/solidariedarte.pt\/index.php\/wp-json\/wp\/v2\/pages\/51\/revisions"}],"predecessor-version":[{"id":55,"href":"https:\/\/solidariedarte.pt\/index.php\/wp-json\/wp\/v2\/pages\/51\/revisions\/55"}],"wp:attachment":[{"href":"https:\/\/solidariedarte.pt\/index.php\/wp-json\/wp\/v2\/media?parent=51"}],"curies":[{"name":"wp","href":"https:\/\/api.w.org\/{rel}","templated":true}]}}