{"id":69,"date":"2021-07-01T15:53:47","date_gmt":"2021-07-01T15:53:47","guid":{"rendered":"http:\/\/solidariedarte.pt\/?page_id=69"},"modified":"2021-07-01T15:53:47","modified_gmt":"2021-07-01T15:53:47","slug":"lojas-eco-solidarias","status":"publish","type":"page","link":"https:\/\/solidariedarte.pt\/index.php\/lojas-eco-solidarias\/","title":{"rendered":"Lojas Eco-Solid\u00e1rias"},"content":{"rendered":"<p>Tem como principal objectivo promover o conceito de responsabilidade social partilhada numa l\u00f3gica de ajuda m\u00fatua e reciprocidade na valoriza\u00e7\u00e3o das compet\u00eancias das pessoas que se encontram numa situa\u00e7\u00e3o de risco de exclus\u00e3o social e pobreza, atrav\u00e9s de um sistema de recolha, selec\u00e7\u00e3o, tratamento e restauro e venda de roupa e outros bens, a pre\u00e7os simb\u00f3licos, em lojas, leil\u00f5es ou feiras, sempre numa perspetiva de reutiliza\u00e7\u00e3o, reciclagem e solidariedade.<\/p>\n<p><img loading=\"lazy\" class=\"alignnone size-full wp-image-70 aligncenter\" src=\"https:\/\/solidariedarte.pt\/wp-content\/uploads\/2021\/07\/1-3.jpg\" alt=\"\" width=\"150\" height=\"150\" \/> <img loading=\"lazy\" class=\"alignnone size-medium wp-image-71 aligncenter\" src=\"https:\/\/solidariedarte.pt\/wp-content\/uploads\/2021\/07\/2-4.jpg\" alt=\"\" width=\"150\" height=\"150\" \/> <img loading=\"lazy\" class=\"alignnone size-medium wp-image-72 aligncenter\" src=\"https:\/\/solidariedarte.pt\/wp-content\/uploads\/2021\/07\/3-2.jpg\" alt=\"\" width=\"150\" height=\"150\" \/><\/p>\n","protected":false},"excerpt":{"rendered":"<p>Tem como principal objectivo promover o conceito de responsabilidade social partilhada numa l\u00f3gica de ajuda m\u00fatua e reciprocidade na valoriza\u00e7\u00e3o das compet\u00eancias das pessoas que se encontram numa situa\u00e7\u00e3o de risco de exclus\u00e3o social e pobreza, atrav\u00e9s de um sistema de recolha, selec\u00e7\u00e3o, tratamento e restauro e venda de roupa e outros bens, a pre\u00e7os [&hellip;]<\/p>\n","protected":false},"author":1,"featured_media":0,"parent":0,"menu_order":0,"comment_status":"closed","ping_status":"closed","template":"","meta":[],"_links":{"self":[{"href":"https:\/\/solidariedarte.pt\/index.php\/wp-json\/wp\/v2\/pages\/69"}],"collection":[{"href":"https:\/\/solidariedarte.pt\/index.php\/wp-json\/wp\/v2\/pages"}],"about":[{"href":"https:\/\/solidariedarte.pt\/index.php\/wp-json\/wp\/v2\/types\/page"}],"author":[{"embeddable":true,"href":"https:\/\/solidariedarte.pt\/index.php\/wp-json\/wp\/v2\/users\/1"}],"replies":[{"embeddable":true,"href":"https:\/\/solidariedarte.pt\/index.php\/wp-json\/wp\/v2\/comments?post=69"}],"version-history":[{"count":1,"href":"https:\/\/solidariedarte.pt\/index.php\/wp-json\/wp\/v2\/pages\/69\/revisions"}],"predecessor-version":[{"id":73,"href":"https:\/\/solidariedarte.pt\/index.php\/wp-json\/wp\/v2\/pages\/69\/revisions\/73"}],"wp:attachment":[{"href":"https:\/\/solidariedarte.pt\/index.php\/wp-json\/wp\/v2\/media?parent=69"}],"curies":[{"name":"wp","href":"https:\/\/api.w.org\/{rel}","templated":true}]}}