{"id":76,"date":"2021-07-01T15:57:15","date_gmt":"2021-07-01T15:57:15","guid":{"rendered":"http:\/\/solidariedarte.pt\/?page_id=76"},"modified":"2021-07-01T15:57:15","modified_gmt":"2021-07-01T15:57:15","slug":"premio-antonio-sergio","status":"publish","type":"page","link":"https:\/\/solidariedarte.pt\/index.php\/premio-antonio-sergio\/","title":{"rendered":"Pr\u00e9mio Ant\u00f3nio S\u00e9rgio"},"content":{"rendered":"<p>Men\u00e7\u00e3o Honrosa \u2013 Pr\u00e9mio Cooperativa Ant\u00f3nio S\u00e9rgio para a Economia Social<\/p>\n<p>&nbsp;<\/p>\n<p>No decorrer do funcionamento da Solidaried\u00b4Arte, Associa\u00e7\u00e3o de Educa\u00e7\u00e3o e Integra\u00e7\u00e3o pela Arte e Desenvolvimento Cultural, Social e Local, h\u00e1 mais de dez anos ininterruptamente, tem no seu percurso passado por v\u00e1rios momentos e diferentes situa\u00e7\u00f5es que lhe t\u00eam permitido conquistar o reconhecimento e notoriedade, n\u00e3o s\u00f3 pelas institui\u00e7\u00f5es governamentais, mas tamb\u00e9m pela sociedade em geral.<\/p>\n<p>Resultante dos diferentes programas que tem desenvolvido e implementado na Regi\u00e3o Aut\u00f3noma do A\u00e7ores, foi esta Associa\u00e7\u00e3o atrav\u00e9s do seu projeto \u201cA Loja Eco-Solid\u00e1ria Itinerante\u201d, agraciada com uma Men\u00e7\u00e3o Honrosa na categoria de inova\u00e7\u00e3o e sustentabilidade, atribu\u00edda pela Cooperativa Ant\u00f3nio S\u00e9rgio para a Economia Social, no \u00e2mbito do pr\u00e9mio Coopera\u00e7\u00e3o e Solidariedade 2018, numa cerim\u00f3nia que teve lugar na Sociedade Portuguesa de Autores, presidida pelo Presidente da SPA, Jos\u00e9 Jorge Letria e pelo Presidente da CASES, Eduardo Gra\u00e7a, contando ainda com a presen\u00e7a do Ministro do Trabalho, Solidariedade e Seguran\u00e7a Social, Jos\u00e9 Ant\u00f3nio Vieira da Silva.<\/p>\n<p>A Loja Eco-Solid\u00e1ria Itinerante \u00e9 um projeto, que visa promover a recolha de bens usados e em excesso, que ap\u00f3s processo de sele\u00e7\u00e3o e tratamento, possam ser diretamente distribu\u00eddos a toda a popula\u00e7\u00e3o da ilha de S\u00e3o Miguel, na modalidade de solidariedade partilhada.<\/p>\n<p>&nbsp;<\/p>\n<p>Ponta Delgada, 25 de janeiro de 2019<\/p>\n<p><img loading=\"lazy\" class=\"alignnone size-full wp-image-77\" src=\"https:\/\/solidariedarte.pt\/wp-content\/uploads\/2021\/07\/1-1.png\" alt=\"\" width=\"150\" height=\"150\" \/> <img loading=\"lazy\" class=\"alignnone size-medium wp-image-78\" src=\"https:\/\/solidariedarte.pt\/wp-content\/uploads\/2021\/07\/2-5.jpg\" alt=\"\" width=\"150\" height=\"150\" \/> <img loading=\"lazy\" class=\"alignnone size-medium wp-image-79\" src=\"https:\/\/solidariedarte.pt\/wp-content\/uploads\/2021\/07\/3-3.jpg\" alt=\"\" width=\"150\" height=\"150\" \/> <img loading=\"lazy\" class=\"alignnone size-medium wp-image-80\" src=\"https:\/\/solidariedarte.pt\/wp-content\/uploads\/2021\/07\/4.jpg\" alt=\"\" width=\"150\" height=\"150\" \/><\/p>\n","protected":false},"excerpt":{"rendered":"<p>Men\u00e7\u00e3o Honrosa \u2013 Pr\u00e9mio Cooperativa Ant\u00f3nio S\u00e9rgio para a Economia Social &nbsp; No decorrer do funcionamento da Solidaried\u00b4Arte, Associa\u00e7\u00e3o de Educa\u00e7\u00e3o e Integra\u00e7\u00e3o pela Arte e Desenvolvimento Cultural, Social e Local, h\u00e1 mais de dez anos ininterruptamente, tem no seu percurso passado por v\u00e1rios momentos e diferentes situa\u00e7\u00f5es que lhe t\u00eam permitido conquistar o reconhecimento [&hellip;]<\/p>\n","protected":false},"author":1,"featured_media":0,"parent":0,"menu_order":0,"comment_status":"closed","ping_status":"closed","template":"","meta":[],"_links":{"self":[{"href":"https:\/\/solidariedarte.pt\/index.php\/wp-json\/wp\/v2\/pages\/76"}],"collection":[{"href":"https:\/\/solidariedarte.pt\/index.php\/wp-json\/wp\/v2\/pages"}],"about":[{"href":"https:\/\/solidariedarte.pt\/index.php\/wp-json\/wp\/v2\/types\/page"}],"author":[{"embeddable":true,"href":"https:\/\/solidariedarte.pt\/index.php\/wp-json\/wp\/v2\/users\/1"}],"replies":[{"embeddable":true,"href":"https:\/\/solidariedarte.pt\/index.php\/wp-json\/wp\/v2\/comments?post=76"}],"version-history":[{"count":1,"href":"https:\/\/solidariedarte.pt\/index.php\/wp-json\/wp\/v2\/pages\/76\/revisions"}],"predecessor-version":[{"id":81,"href":"https:\/\/solidariedarte.pt\/index.php\/wp-json\/wp\/v2\/pages\/76\/revisions\/81"}],"wp:attachment":[{"href":"https:\/\/solidariedarte.pt\/index.php\/wp-json\/wp\/v2\/media?parent=76"}],"curies":[{"name":"wp","href":"https:\/\/api.w.org\/{rel}","templated":true}]}}