{"id":84,"date":"2021-07-01T15:58:41","date_gmt":"2021-07-01T15:58:41","guid":{"rendered":"http:\/\/solidariedarte.pt\/?page_id=84"},"modified":"2021-07-01T15:58:41","modified_gmt":"2021-07-01T15:58:41","slug":"oficina-de-recuperacao-de-mobiliario-domestico","status":"publish","type":"page","link":"https:\/\/solidariedarte.pt\/index.php\/oficina-de-recuperacao-de-mobiliario-domestico\/","title":{"rendered":"Oficina de Recupera\u00e7\u00e3o de Mobili\u00e1rio Dom\u00e9stico"},"content":{"rendered":"<p>Tem o mesmo princ\u00edpio do anteriormente enunciado, mas aplicado ao mobili\u00e1rio dom\u00e9stico,<br \/>\ncom um intuito comercial e social, j\u00e1 que os proveitos da venda do mobili\u00e1rio restaurado ser\u00e3o<br \/>\ntotalmente reinvestidos em recursos humanos alocado a estes projectos. Esta oficina est\u00e1<br \/>\nrelacionada directamente com a Loja Residente Eco-solid\u00e1ria.<\/p>\n","protected":false},"excerpt":{"rendered":"<p>Tem o mesmo princ\u00edpio do anteriormente enunciado, mas aplicado ao mobili\u00e1rio dom\u00e9stico, com um intuito comercial e social, j\u00e1 que os proveitos da venda do mobili\u00e1rio restaurado ser\u00e3o totalmente reinvestidos em recursos humanos alocado a estes projectos. Esta oficina est\u00e1 relacionada directamente com a Loja Residente Eco-solid\u00e1ria.<\/p>\n","protected":false},"author":1,"featured_media":0,"parent":0,"menu_order":0,"comment_status":"closed","ping_status":"closed","template":"","meta":[],"_links":{"self":[{"href":"https:\/\/solidariedarte.pt\/index.php\/wp-json\/wp\/v2\/pages\/84"}],"collection":[{"href":"https:\/\/solidariedarte.pt\/index.php\/wp-json\/wp\/v2\/pages"}],"about":[{"href":"https:\/\/solidariedarte.pt\/index.php\/wp-json\/wp\/v2\/types\/page"}],"author":[{"embeddable":true,"href":"https:\/\/solidariedarte.pt\/index.php\/wp-json\/wp\/v2\/users\/1"}],"replies":[{"embeddable":true,"href":"https:\/\/solidariedarte.pt\/index.php\/wp-json\/wp\/v2\/comments?post=84"}],"version-history":[{"count":1,"href":"https:\/\/solidariedarte.pt\/index.php\/wp-json\/wp\/v2\/pages\/84\/revisions"}],"predecessor-version":[{"id":85,"href":"https:\/\/solidariedarte.pt\/index.php\/wp-json\/wp\/v2\/pages\/84\/revisions\/85"}],"wp:attachment":[{"href":"https:\/\/solidariedarte.pt\/index.php\/wp-json\/wp\/v2\/media?parent=84"}],"curies":[{"name":"wp","href":"https:\/\/api.w.org\/{rel}","templated":true}]}}