{"id":88,"date":"2021-07-01T16:01:41","date_gmt":"2021-07-01T16:01:41","guid":{"rendered":"http:\/\/solidariedarte.pt\/?page_id=88"},"modified":"2021-07-01T16:01:41","modified_gmt":"2021-07-01T16:01:41","slug":"solucoes-artisticas","status":"publish","type":"page","link":"https:\/\/solidariedarte.pt\/index.php\/solucoes-artisticas\/","title":{"rendered":"Solu\u00e7\u00f5es Art\u00edsticas"},"content":{"rendered":"<p>As Solu\u00e7\u00f5es Art\u00edsticas, re\u00fane uma equipa experiente e qualificada que se dedica \u00e0 conce\u00e7\u00e3o e desenvolvimento de elementos art\u00edsticos convencionais e n\u00e3o convencionais, apresentando solu\u00e7\u00f5es inovadoras. \u00c9 uma \u00e1rea da Solidaried\u2019arte que se dedica \u00e0 conce\u00e7\u00e3o e desenvolvimento de cenografia, adere\u00e7os, guarda roupa, marionetas, servi\u00e7os de produ\u00e7\u00e3o de espet\u00e1culos\/eventos art\u00edsticos, entre outros.<\/p>\n<p><a href=\"https:\/\/www.facebook.com\/Solidariedarte\/videos\/475356956411209\/\" target=\"_blank\" rel=\"noopener\">Cavalleria Rusticana \u2013 Coliseu Micaelense \u00bb\u00bb<\/a><\/p>\n<p><img loading=\"lazy\" class=\"alignnone wp-image-89 size-thumbnail\" src=\"https:\/\/solidariedarte.pt\/wp-content\/uploads\/2021\/07\/7-150x150.jpg\" alt=\"\" width=\"150\" height=\"150\" srcset=\"https:\/\/solidariedarte.pt\/wp-content\/uploads\/2021\/07\/7-150x150.jpg 150w, https:\/\/solidariedarte.pt\/wp-content\/uploads\/2021\/07\/7-300x300.jpg 300w\" sizes=\"(max-width: 150px) 100vw, 150px\" \/> <img loading=\"lazy\" class=\"wp-image-90 size-thumbnail alignleft\" src=\"https:\/\/solidariedarte.pt\/wp-content\/uploads\/2021\/07\/8-150x150.jpg\" alt=\"\" width=\"150\" height=\"150\" srcset=\"https:\/\/solidariedarte.pt\/wp-content\/uploads\/2021\/07\/8-150x150.jpg 150w, https:\/\/solidariedarte.pt\/wp-content\/uploads\/2021\/07\/8-300x300.jpg 300w\" sizes=\"(max-width: 150px) 100vw, 150px\" \/> <img loading=\"lazy\" class=\"alignleft wp-image-91 size-thumbnail\" src=\"https:\/\/solidariedarte.pt\/wp-content\/uploads\/2021\/07\/9-150x150.jpg\" alt=\"\" width=\"150\" height=\"150\" srcset=\"https:\/\/solidariedarte.pt\/wp-content\/uploads\/2021\/07\/9-150x150.jpg 150w, https:\/\/solidariedarte.pt\/wp-content\/uploads\/2021\/07\/9-300x300.jpg 300w\" sizes=\"(max-width: 150px) 100vw, 150px\" \/><\/p>\n","protected":false},"excerpt":{"rendered":"<p>As Solu\u00e7\u00f5es Art\u00edsticas, re\u00fane uma equipa experiente e qualificada que se dedica \u00e0 conce\u00e7\u00e3o e desenvolvimento de elementos art\u00edsticos convencionais e n\u00e3o convencionais, apresentando solu\u00e7\u00f5es inovadoras. \u00c9 uma \u00e1rea da Solidaried\u2019arte que se dedica \u00e0 conce\u00e7\u00e3o e desenvolvimento de cenografia, adere\u00e7os, guarda roupa, marionetas, servi\u00e7os de produ\u00e7\u00e3o de espet\u00e1culos\/eventos art\u00edsticos, entre outros. Cavalleria Rusticana \u2013 [&hellip;]<\/p>\n","protected":false},"author":1,"featured_media":0,"parent":0,"menu_order":0,"comment_status":"closed","ping_status":"closed","template":"","meta":[],"_links":{"self":[{"href":"https:\/\/solidariedarte.pt\/index.php\/wp-json\/wp\/v2\/pages\/88"}],"collection":[{"href":"https:\/\/solidariedarte.pt\/index.php\/wp-json\/wp\/v2\/pages"}],"about":[{"href":"https:\/\/solidariedarte.pt\/index.php\/wp-json\/wp\/v2\/types\/page"}],"author":[{"embeddable":true,"href":"https:\/\/solidariedarte.pt\/index.php\/wp-json\/wp\/v2\/users\/1"}],"replies":[{"embeddable":true,"href":"https:\/\/solidariedarte.pt\/index.php\/wp-json\/wp\/v2\/comments?post=88"}],"version-history":[{"count":1,"href":"https:\/\/solidariedarte.pt\/index.php\/wp-json\/wp\/v2\/pages\/88\/revisions"}],"predecessor-version":[{"id":92,"href":"https:\/\/solidariedarte.pt\/index.php\/wp-json\/wp\/v2\/pages\/88\/revisions\/92"}],"wp:attachment":[{"href":"https:\/\/solidariedarte.pt\/index.php\/wp-json\/wp\/v2\/media?parent=88"}],"curies":[{"name":"wp","href":"https:\/\/api.w.org\/{rel}","templated":true}]}}